{"id":986748,"date":"2025-12-14T14:48:46","date_gmt":"2025-12-14T14:48:46","guid":{"rendered":"https:\/\/www.antiquejewellerycompany.com\/us\/?post_type=product&#038;p=986748"},"modified":"2026-01-10T10:59:54","modified_gmt":"2026-01-10T10:59:54","slug":"14ct-gold-natural-pearl-ring-by-bjorn-wekkstrom-for-lapponia","status":"publish","type":"product","link":"https:\/\/www.antiquejewellerycompany.com\/us\/shop\/14ct-gold-natural-pearl-ring-by-bjorn-wekkstrom-for-lapponia\/","title":{"rendered":"14ct Gold &amp; Natural Pearl Ring by Bjorn Wekkstrom for Lapponia"},"content":{"rendered":"<p>Lapponia was founded in the 1960s by two men, entrepreneur and visionary Pekka Anttila and gifted jewellery designer artist Bj\u00f6rn Weckstr\u00f6m. Together these men pushed the boundaries of jewellery design in the 1960s gaining global attention. Weckstr\u00f6m\u2019s aim is to portray the Finnish landscape, hence the unique textured finish found on his jewellery that is reminiscent of the craggy rocks and cool icy fjords.<\/p>\n<p>This 14ct gold ring is a good example of Bj\u00f6rn Weckstr\u00f6m\u2019s work. It has been set with a pearl in the centre and is like wearing a miniature piece of sculpture on your finger.<\/p>\n<p>These pieces are already collectors items and will survive the test of time.<\/p>\n","protected":false},"excerpt":{"rendered":"<p>Lapponia was founded in the 1960s by two men, entrepreneur and visionary Pekka Anttila and gifted jewellery designer artist Bj\u00f6rn Weckstr\u00f6m. Together these men pushed the boundaries of jewellery design in the 1960s gaining global attention. Weckstr\u00f6m\u2019s aim is to portray the Finnish landscape, hence the unique textured finish found on his jewellery that is [&hellip;]<\/p>\n","protected":false},"featured_media":10000001268778,"template":"","meta":{"_acf_changed":false},"product_brand":[],"product_cat":[],"product_tag":[],"class_list":{"1":"product","6":"type-vintage-dress-rings","7":"type-vintage-rings","8":"period-mid-century","9":"material-gold","10":"material-metals","11":"material-pearl","12":"ring-styles-unusual","13":"ring-central-stone-pearl","14":"gold-carat-14-carat-gold","16":"first","17":"instock","18":"taxable","19":"shipping-taxable","20":"purchasable","21":"product-type-simple"},"acf":[],"yoast_head":"<title>14ct Gold &amp; Natural Pearl Ring by Bjorn Wekkstrom for Lapponia (273Z) | The Antique Jewellery Company<\/title>\n<meta name=\"robots\" content=\"index, follow, max-snippet:-1, max-image-preview:large, max-video-preview:-1\" \/>\n<link rel=\"canonical\" href=\"https:\/\/www.antiquejewellerycompany.com\/us\/shop\/14ct-gold-natural-pearl-ring-by-bjorn-wekkstrom-for-lapponia\/\" \/>\n<meta property=\"og:locale\" content=\"en_US\" \/>\n<meta property=\"og:type\" content=\"article\" \/>\n<meta property=\"og:title\" content=\"14ct Gold &amp; Natural Pearl Ring by Bjorn Wekkstrom for Lapponia\" \/>\n<meta property=\"og:description\" content=\"Lapponia was founded in the 1960s by two men, entrepreneur and visionary Pekka Anttila and gifted jewellery designer artist Bj\u00f6rn Weckstr\u00f6m. Together these men pushed the boundaries of jewellery design in the 1960s gaining global attention. Weckstr\u00f6m\u2019s aim is to portray the Finnish landscape, hence the unique textured finish found on his jewellery that is [&hellip;]\" \/>\n<meta property=\"og:url\" content=\"https:\/\/www.antiquejewellerycompany.com\/us\/shop\/14ct-gold-natural-pearl-ring-by-bjorn-wekkstrom-for-lapponia\/\" \/>\n<meta property=\"og:site_name\" content=\"AJC - USA\" \/>\n<meta property=\"article:publisher\" content=\"https:\/\/www.facebook.com\/antiquejewellerycompany\" \/>\n<meta property=\"article:modified_time\" content=\"2026-01-10T10:59:54+00:00\" \/>\n<meta property=\"og:image\" content=\"https:\/\/static.antiquejewellerycompany.com\/sites\/4\/\/sites\/4\/2022\/07\/ajc-logo.png\" \/>\n\t<meta property=\"og:image:width\" content=\"2000\" \/>\n\t<meta property=\"og:image:height\" content=\"1500\" \/>\n\t<meta property=\"og:image:type\" content=\"image\/png\" \/>\n<meta name=\"twitter:card\" content=\"summary_large_image\" \/>\n<meta name=\"twitter:site\" content=\"@ajc_london\" \/>\n<script type=\"application\/ld+json\" class=\"yoast-schema-graph\">{\"@context\":\"https:\/\/schema.org\",\"@graph\":[{\"@type\":[\"WebPage\",\"ItemPage\"],\"@id\":\"https:\/\/www.antiquejewellerycompany.com\/us\/shop\/14ct-gold-natural-pearl-ring-by-bjorn-wekkstrom-for-lapponia\/\",\"url\":\"https:\/\/www.antiquejewellerycompany.com\/us\/shop\/14ct-gold-natural-pearl-ring-by-bjorn-wekkstrom-for-lapponia\/\",\"name\":\"14ct Gold &amp; Natural Pearl Ring by Bjorn Wekkstrom for Lapponia (273Z) | The Antique Jewellery Company\",\"isPartOf\":{\"@id\":\"https:\/\/www.antiquejewellerycompany.com\/us\/#website\"},\"primaryImageOfPage\":{\"@id\":\"https:\/\/www.antiquejewellerycompany.com\/us\/shop\/14ct-gold-natural-pearl-ring-by-bjorn-wekkstrom-for-lapponia\/#primaryimage\"},\"image\":{\"@id\":\"https:\/\/www.antiquejewellerycompany.com\/us\/shop\/14ct-gold-natural-pearl-ring-by-bjorn-wekkstrom-for-lapponia\/#primaryimage\"},\"thumbnailUrl\":\"https:\/\/static.antiquejewellerycompany.com\/2025\/12\/DSC08397.jpg\",\"datePublished\":\"2025-12-14T14:48:46+00:00\",\"dateModified\":\"2026-01-10T10:59:54+00:00\",\"breadcrumb\":{\"@id\":\"https:\/\/www.antiquejewellerycompany.com\/us\/shop\/14ct-gold-natural-pearl-ring-by-bjorn-wekkstrom-for-lapponia\/#breadcrumb\"},\"inLanguage\":\"en-US\",\"potentialAction\":[{\"@type\":\"ReadAction\",\"target\":[\"https:\/\/www.antiquejewellerycompany.com\/us\/shop\/14ct-gold-natural-pearl-ring-by-bjorn-wekkstrom-for-lapponia\/\"]}]},{\"@type\":\"ImageObject\",\"inLanguage\":\"en-US\",\"@id\":\"https:\/\/www.antiquejewellerycompany.com\/us\/shop\/14ct-gold-natural-pearl-ring-by-bjorn-wekkstrom-for-lapponia\/#primaryimage\",\"url\":\"https:\/\/static.antiquejewellerycompany.com\/2025\/12\/DSC08397.jpg\",\"contentUrl\":\"https:\/\/static.antiquejewellerycompany.com\/2025\/12\/DSC08397.jpg\"},{\"@type\":\"BreadcrumbList\",\"@id\":\"https:\/\/www.antiquejewellerycompany.com\/us\/shop\/14ct-gold-natural-pearl-ring-by-bjorn-wekkstrom-for-lapponia\/#breadcrumb\",\"itemListElement\":[{\"@type\":\"ListItem\",\"position\":1,\"name\":\"Home\",\"item\":\"https:\/\/www.antiquejewellerycompany.com\/us\/\"},{\"@type\":\"ListItem\",\"position\":2,\"name\":\"Vintage Jewelry\",\"item\":\"https:\/\/www.antiquejewellerycompany.com\/us\/vintage-jewelry\/\"},{\"@type\":\"ListItem\",\"position\":3,\"name\":\"14ct Gold &amp; Natural Pearl Ring by Bjorn Wekkstrom for Lapponia\"}]},{\"@type\":\"WebSite\",\"@id\":\"https:\/\/www.antiquejewellerycompany.com\/us\/#website\",\"url\":\"https:\/\/www.antiquejewellerycompany.com\/us\/\",\"name\":\"The Antique Jewellery Company\",\"description\":\"Specialists in Vintage Jewelry, Antique Jewelry and Estate Jewelry\",\"publisher\":{\"@id\":\"https:\/\/www.antiquejewellerycompany.com\/us\/#organization\"},\"alternateName\":\"AJC\",\"potentialAction\":[{\"@type\":\"SearchAction\",\"target\":{\"@type\":\"EntryPoint\",\"urlTemplate\":\"https:\/\/www.antiquejewellerycompany.com\/us\/?s={search_term_string}\"},\"query-input\":{\"@type\":\"PropertyValueSpecification\",\"valueRequired\":true,\"valueName\":\"search_term_string\"}}],\"inLanguage\":\"en-US\"},{\"@type\":\"Organization\",\"@id\":\"https:\/\/www.antiquejewellerycompany.com\/us\/#organization\",\"name\":\"The Antique Jewellery Company\",\"alternateName\":\"AJC\",\"url\":\"https:\/\/www.antiquejewellerycompany.com\/us\/\",\"logo\":{\"@type\":\"ImageObject\",\"inLanguage\":\"en-US\",\"@id\":\"https:\/\/www.antiquejewellerycompany.com\/us\/#\/schema\/logo\/image\/\",\"url\":\"https:\/\/static.antiquejewellerycompany.com\/sites\/4\/\/sites\/4\/2022\/07\/ajc-logo.png\",\"contentUrl\":\"https:\/\/static.antiquejewellerycompany.com\/sites\/4\/\/sites\/4\/2022\/07\/ajc-logo.png\",\"width\":2000,\"height\":1500,\"caption\":\"The Antique Jewellery Company\"},\"image\":{\"@id\":\"https:\/\/www.antiquejewellerycompany.com\/us\/#\/schema\/logo\/image\/\"},\"sameAs\":[\"https:\/\/www.facebook.com\/antiquejewellerycompany\",\"https:\/\/x.com\/ajc_london\",\"https:\/\/www.instagram.com\/antiquejewellerycompany\",\"https:\/\/www.linkedin.com\/company\/the-antique-jewellery-company\/\",\"https:\/\/www.pinterest.co.uk\/antiquejewels\/\",\"https:\/\/www.youtube.com\/antiquejewellerycompany\"]}]}<\/script>\n<meta property=\"product:price:amount\" content=\"1300.00\" \/>\n<meta property=\"product:price:currency\" content=\"USD\" \/>\n<meta property=\"og:availability\" content=\"instock\" \/>\n<meta property=\"product:availability\" content=\"instock\" \/>\n<meta property=\"product:retailer_item_id\" content=\"273Z\" \/>\n<meta property=\"product:condition\" content=\"used\" \/>","yoast_head_json":{"title":"14ct Gold &amp; Natural Pearl Ring by Bjorn Wekkstrom for Lapponia (273Z) | The Antique Jewellery Company","robots":{"index":"index","follow":"follow","max-snippet":"max-snippet:-1","max-image-preview":"max-image-preview:large","max-video-preview":"max-video-preview:-1"},"canonical":"https:\/\/www.antiquejewellerycompany.com\/us\/shop\/14ct-gold-natural-pearl-ring-by-bjorn-wekkstrom-for-lapponia\/","og_locale":"en_US","og_type":"article","og_title":"14ct Gold &amp; Natural Pearl Ring by Bjorn Wekkstrom for Lapponia","og_description":"Lapponia was founded in the 1960s by two men, entrepreneur and visionary Pekka Anttila and gifted jewellery designer artist Bj\u00f6rn Weckstr\u00f6m. Together these men pushed the boundaries of jewellery design in the 1960s gaining global attention. Weckstr\u00f6m\u2019s aim is to portray the Finnish landscape, hence the unique textured finish found on his jewellery that is [&hellip;]","og_url":"https:\/\/www.antiquejewellerycompany.com\/us\/shop\/14ct-gold-natural-pearl-ring-by-bjorn-wekkstrom-for-lapponia\/","og_site_name":"AJC - USA","article_publisher":"https:\/\/www.facebook.com\/antiquejewellerycompany","article_modified_time":"2026-01-10T10:59:54+00:00","og_image":[{"width":2000,"height":1500,"url":"https:\/\/static.antiquejewellerycompany.com\/sites\/4\/\/sites\/4\/2022\/07\/ajc-logo.png","type":"image\/png"}],"twitter_card":"summary_large_image","twitter_site":"@ajc_london","schema":{"@context":"https:\/\/schema.org","@graph":[{"@type":["WebPage","ItemPage"],"@id":"https:\/\/www.antiquejewellerycompany.com\/us\/shop\/14ct-gold-natural-pearl-ring-by-bjorn-wekkstrom-for-lapponia\/","url":"https:\/\/www.antiquejewellerycompany.com\/us\/shop\/14ct-gold-natural-pearl-ring-by-bjorn-wekkstrom-for-lapponia\/","name":"14ct Gold &amp; Natural Pearl Ring by Bjorn Wekkstrom for Lapponia (273Z) | The Antique Jewellery Company","isPartOf":{"@id":"https:\/\/www.antiquejewellerycompany.com\/us\/#website"},"primaryImageOfPage":{"@id":"https:\/\/www.antiquejewellerycompany.com\/us\/shop\/14ct-gold-natural-pearl-ring-by-bjorn-wekkstrom-for-lapponia\/#primaryimage"},"image":{"@id":"https:\/\/www.antiquejewellerycompany.com\/us\/shop\/14ct-gold-natural-pearl-ring-by-bjorn-wekkstrom-for-lapponia\/#primaryimage"},"thumbnailUrl":"https:\/\/static.antiquejewellerycompany.com\/2025\/12\/DSC08397.jpg","datePublished":"2025-12-14T14:48:46+00:00","dateModified":"2026-01-10T10:59:54+00:00","breadcrumb":{"@id":"https:\/\/www.antiquejewellerycompany.com\/us\/shop\/14ct-gold-natural-pearl-ring-by-bjorn-wekkstrom-for-lapponia\/#breadcrumb"},"inLanguage":"en-US","potentialAction":[{"@type":"ReadAction","target":["https:\/\/www.antiquejewellerycompany.com\/us\/shop\/14ct-gold-natural-pearl-ring-by-bjorn-wekkstrom-for-lapponia\/"]}]},{"@type":"ImageObject","inLanguage":"en-US","@id":"https:\/\/www.antiquejewellerycompany.com\/us\/shop\/14ct-gold-natural-pearl-ring-by-bjorn-wekkstrom-for-lapponia\/#primaryimage","url":"https:\/\/static.antiquejewellerycompany.com\/2025\/12\/DSC08397.jpg","contentUrl":"https:\/\/static.antiquejewellerycompany.com\/2025\/12\/DSC08397.jpg"},{"@type":"BreadcrumbList","@id":"https:\/\/www.antiquejewellerycompany.com\/us\/shop\/14ct-gold-natural-pearl-ring-by-bjorn-wekkstrom-for-lapponia\/#breadcrumb","itemListElement":[{"@type":"ListItem","position":1,"name":"Home","item":"https:\/\/www.antiquejewellerycompany.com\/us\/"},{"@type":"ListItem","position":2,"name":"Vintage Jewelry","item":"https:\/\/www.antiquejewellerycompany.com\/us\/vintage-jewelry\/"},{"@type":"ListItem","position":3,"name":"14ct Gold &amp; Natural Pearl Ring by Bjorn Wekkstrom for Lapponia"}]},{"@type":"WebSite","@id":"https:\/\/www.antiquejewellerycompany.com\/us\/#website","url":"https:\/\/www.antiquejewellerycompany.com\/us\/","name":"The Antique Jewellery Company","description":"Specialists in Vintage Jewelry, Antique Jewelry and Estate Jewelry","publisher":{"@id":"https:\/\/www.antiquejewellerycompany.com\/us\/#organization"},"alternateName":"AJC","potentialAction":[{"@type":"SearchAction","target":{"@type":"EntryPoint","urlTemplate":"https:\/\/www.antiquejewellerycompany.com\/us\/?s={search_term_string}"},"query-input":{"@type":"PropertyValueSpecification","valueRequired":true,"valueName":"search_term_string"}}],"inLanguage":"en-US"},{"@type":"Organization","@id":"https:\/\/www.antiquejewellerycompany.com\/us\/#organization","name":"The Antique Jewellery Company","alternateName":"AJC","url":"https:\/\/www.antiquejewellerycompany.com\/us\/","logo":{"@type":"ImageObject","inLanguage":"en-US","@id":"https:\/\/www.antiquejewellerycompany.com\/us\/#\/schema\/logo\/image\/","url":"https:\/\/static.antiquejewellerycompany.com\/sites\/4\/\/sites\/4\/2022\/07\/ajc-logo.png","contentUrl":"https:\/\/static.antiquejewellerycompany.com\/sites\/4\/\/sites\/4\/2022\/07\/ajc-logo.png","width":2000,"height":1500,"caption":"The Antique Jewellery Company"},"image":{"@id":"https:\/\/www.antiquejewellerycompany.com\/us\/#\/schema\/logo\/image\/"},"sameAs":["https:\/\/www.facebook.com\/antiquejewellerycompany","https:\/\/x.com\/ajc_london","https:\/\/www.instagram.com\/antiquejewellerycompany","https:\/\/www.linkedin.com\/company\/the-antique-jewellery-company\/","https:\/\/www.pinterest.co.uk\/antiquejewels\/","https:\/\/www.youtube.com\/antiquejewellerycompany"]}]},"product_price_amount":"1300.00","product_price_currency":"USD","og_availability":"instock","product_availability":"instock","product_retailer_item_id":"273Z","product_condition":"used"},"_links":{"self":[{"href":"https:\/\/www.antiquejewellerycompany.com\/us\/wp-json\/wp\/v2\/product\/986748","targetHints":{"allow":["GET"]}}],"collection":[{"href":"https:\/\/www.antiquejewellerycompany.com\/us\/wp-json\/wp\/v2\/product"}],"about":[{"href":"https:\/\/www.antiquejewellerycompany.com\/us\/wp-json\/wp\/v2\/types\/product"}],"wp:featuredmedia":[{"embeddable":true,"href":"https:\/\/www.antiquejewellerycompany.com\/us\/wp-json\/"}],"wp:attachment":[{"href":"https:\/\/www.antiquejewellerycompany.com\/us\/wp-json\/wp\/v2\/media?parent=986748"}],"wp:term":[{"taxonomy":"product_brand","embeddable":true,"href":"https:\/\/www.antiquejewellerycompany.com\/us\/wp-json\/wp\/v2\/product_brand?post=986748"},{"taxonomy":"product_cat","embeddable":true,"href":"https:\/\/www.antiquejewellerycompany.com\/us\/wp-json\/wp\/v2\/product_cat?post=986748"},{"taxonomy":"product_tag","embeddable":true,"href":"https:\/\/www.antiquejewellerycompany.com\/us\/wp-json\/wp\/v2\/product_tag?post=986748"}],"curies":[{"name":"wp","href":"https:\/\/api.w.org\/{rel}","templated":true}]}}