{"id":927440,"date":"2023-08-15T15:09:16","date_gmt":"2023-08-15T14:09:16","guid":{"rendered":"https:\/\/www.antiquejewellerycompany.com\/us\/?post_type=product&#038;p=927440"},"modified":"2025-11-17T13:10:31","modified_gmt":"2025-11-17T13:10:31","slug":"french-early-20th-century-18ct-gold-snake-ring-set-with-a-sapphire-ruby-eyes","status":"publish","type":"product","link":"https:\/\/www.antiquejewellerycompany.com\/us\/shop\/french-early-20th-century-18ct-gold-snake-ring-set-with-a-sapphire-ruby-eyes\/","title":{"rendered":"French Early 20th Century 18ct Gold Snake Ring set with a Sapphire &amp; Ruby Eyes"},"content":{"rendered":"<p>A well modelled\u00a0<span class=\"glossary-tooltip glossary-term-373185\"><span class=\"glossary-link\"><span class=\"glossary-underline\">18ct<\/span><\/span><\/span> gold coiled snake ring that was made in France circa 1910-1920. It has been set with a sapphire in its head, and it has two <span class=\"glossary-tooltip glossary-term-372866\"><span class=\"glossary-link\"><span class=\"glossary-underline\">ruby<\/span><\/span><\/span> eyes. Snake jewellery symbolised eternal love and is a lovely sentiment to wear on one\u2019s finger either as an engagement ring or a dress ring. The ring was made by L\u00e9on Hatot who was based at 23 rue de la Michodi\u00e8re &amp; 12 rue du Faubourg-Saint-Honor\u00e9, Paris France and created jewellery for Boucheron, Cartier, Lacloche, and Tiffany.<\/p>\n","protected":false},"excerpt":{"rendered":"<p>A well modelled\u00a018ct gold coiled snake ring that was made in France circa 1910-1920. It has been set with a sapphire in its head, and it has two ruby eyes. Snake jewellery symbolised eternal love and is a lovely sentiment to wear on one\u2019s finger either as an engagement ring or a dress ring. The [&hellip;]<\/p>\n","protected":false},"featured_media":1000000920678,"template":"","meta":{"_acf_changed":false},"product_brand":[],"product_cat":[],"product_tag":[],"class_list":{"1":"product","6":"type-vintage-dress-rings","7":"type-vintage-rings","8":"period-edwardian","9":"material-gold","10":"material-metals","11":"material-precious-stones","12":"material-ruby","13":"material-sapphire","14":"collection-bertie-presents","15":"ring-styles-snake","16":"ring-central-stone-sapphire","17":"gold-carat-18-carat-gold","19":"first","20":"instock","21":"taxable","22":"shipping-taxable","23":"purchasable","24":"product-type-simple"},"acf":[],"yoast_head":"<title>French Early 20th Century 18ct Gold Snake Ring set with a Sapphire &amp; Ruby Eyes (928U) | The Antique Jewellery Company<\/title>\n<meta name=\"robots\" content=\"index, follow, max-snippet:-1, max-image-preview:large, max-video-preview:-1\" \/>\n<link rel=\"canonical\" href=\"https:\/\/www.antiquejewellerycompany.com\/us\/shop\/french-early-20th-century-18ct-gold-snake-ring-set-with-a-sapphire-ruby-eyes\/\" \/>\n<meta property=\"og:locale\" content=\"en_US\" \/>\n<meta property=\"og:type\" content=\"article\" \/>\n<meta property=\"og:title\" content=\"French Early 20th Century 18ct Gold Snake Ring set with a Sapphire &amp; Ruby Eyes\" \/>\n<meta property=\"og:description\" content=\"A well modelled\u00a018ct gold coiled snake ring that was made in France circa 1910-1920. It has been set with a sapphire in its head, and it has two ruby eyes. Snake jewellery symbolised eternal love and is a lovely sentiment to wear on one\u2019s finger either as an engagement ring or a dress ring. The [&hellip;]\" \/>\n<meta property=\"og:url\" content=\"https:\/\/www.antiquejewellerycompany.com\/us\/shop\/french-early-20th-century-18ct-gold-snake-ring-set-with-a-sapphire-ruby-eyes\/\" \/>\n<meta property=\"og:site_name\" content=\"AJC - USA\" \/>\n<meta property=\"article:publisher\" content=\"https:\/\/www.facebook.com\/antiquejewellerycompany\" \/>\n<meta property=\"article:modified_time\" content=\"2025-11-17T13:10:31+00:00\" \/>\n<meta property=\"og:image\" content=\"https:\/\/static.antiquejewellerycompany.com\/sites\/4\/\/sites\/4\/2022\/07\/ajc-logo.png\" \/>\n\t<meta property=\"og:image:width\" content=\"2000\" \/>\n\t<meta property=\"og:image:height\" content=\"1500\" \/>\n\t<meta property=\"og:image:type\" content=\"image\/png\" \/>\n<meta name=\"twitter:card\" content=\"summary_large_image\" \/>\n<meta name=\"twitter:site\" content=\"@ajc_london\" \/>\n<script type=\"application\/ld+json\" class=\"yoast-schema-graph\">{\"@context\":\"https:\/\/schema.org\",\"@graph\":[{\"@type\":[\"WebPage\",\"ItemPage\"],\"@id\":\"https:\/\/www.antiquejewellerycompany.com\/us\/shop\/french-early-20th-century-18ct-gold-snake-ring-set-with-a-sapphire-ruby-eyes\/\",\"url\":\"https:\/\/www.antiquejewellerycompany.com\/us\/shop\/french-early-20th-century-18ct-gold-snake-ring-set-with-a-sapphire-ruby-eyes\/\",\"name\":\"French Early 20th Century 18ct Gold Snake Ring set with a Sapphire &amp; Ruby Eyes (928U) | The Antique Jewellery Company\",\"isPartOf\":{\"@id\":\"https:\/\/www.antiquejewellerycompany.com\/us\/#website\"},\"primaryImageOfPage\":{\"@id\":\"https:\/\/www.antiquejewellerycompany.com\/us\/shop\/french-early-20th-century-18ct-gold-snake-ring-set-with-a-sapphire-ruby-eyes\/#primaryimage\"},\"image\":{\"@id\":\"https:\/\/www.antiquejewellerycompany.com\/us\/shop\/french-early-20th-century-18ct-gold-snake-ring-set-with-a-sapphire-ruby-eyes\/#primaryimage\"},\"thumbnailUrl\":\"https:\/\/static.antiquejewellerycompany.com\/2023\/08\/DSC02153.jpg\",\"datePublished\":\"2023-08-15T14:09:16+00:00\",\"dateModified\":\"2025-11-17T13:10:31+00:00\",\"breadcrumb\":{\"@id\":\"https:\/\/www.antiquejewellerycompany.com\/us\/shop\/french-early-20th-century-18ct-gold-snake-ring-set-with-a-sapphire-ruby-eyes\/#breadcrumb\"},\"inLanguage\":\"en-US\",\"potentialAction\":[{\"@type\":\"ReadAction\",\"target\":[\"https:\/\/www.antiquejewellerycompany.com\/us\/shop\/french-early-20th-century-18ct-gold-snake-ring-set-with-a-sapphire-ruby-eyes\/\"]}]},{\"@type\":\"ImageObject\",\"inLanguage\":\"en-US\",\"@id\":\"https:\/\/www.antiquejewellerycompany.com\/us\/shop\/french-early-20th-century-18ct-gold-snake-ring-set-with-a-sapphire-ruby-eyes\/#primaryimage\",\"url\":\"https:\/\/static.antiquejewellerycompany.com\/2023\/08\/DSC02153.jpg\",\"contentUrl\":\"https:\/\/static.antiquejewellerycompany.com\/2023\/08\/DSC02153.jpg\"},{\"@type\":\"BreadcrumbList\",\"@id\":\"https:\/\/www.antiquejewellerycompany.com\/us\/shop\/french-early-20th-century-18ct-gold-snake-ring-set-with-a-sapphire-ruby-eyes\/#breadcrumb\",\"itemListElement\":[{\"@type\":\"ListItem\",\"position\":1,\"name\":\"Home\",\"item\":\"https:\/\/www.antiquejewellerycompany.com\/us\/\"},{\"@type\":\"ListItem\",\"position\":2,\"name\":\"Vintage Jewelry\",\"item\":\"https:\/\/www.antiquejewellerycompany.com\/us\/vintage-jewelry\/\"},{\"@type\":\"ListItem\",\"position\":3,\"name\":\"French Early 20th Century 18ct Gold Snake Ring set with a Sapphire &amp; Ruby Eyes\"}]},{\"@type\":\"WebSite\",\"@id\":\"https:\/\/www.antiquejewellerycompany.com\/us\/#website\",\"url\":\"https:\/\/www.antiquejewellerycompany.com\/us\/\",\"name\":\"The Antique Jewellery Company\",\"description\":\"Specialists in Vintage Jewelry, Antique Jewelry and Estate Jewelry\",\"publisher\":{\"@id\":\"https:\/\/www.antiquejewellerycompany.com\/us\/#organization\"},\"alternateName\":\"AJC\",\"potentialAction\":[{\"@type\":\"SearchAction\",\"target\":{\"@type\":\"EntryPoint\",\"urlTemplate\":\"https:\/\/www.antiquejewellerycompany.com\/us\/?s={search_term_string}\"},\"query-input\":{\"@type\":\"PropertyValueSpecification\",\"valueRequired\":true,\"valueName\":\"search_term_string\"}}],\"inLanguage\":\"en-US\"},{\"@type\":\"Organization\",\"@id\":\"https:\/\/www.antiquejewellerycompany.com\/us\/#organization\",\"name\":\"The Antique Jewellery Company\",\"alternateName\":\"AJC\",\"url\":\"https:\/\/www.antiquejewellerycompany.com\/us\/\",\"logo\":{\"@type\":\"ImageObject\",\"inLanguage\":\"en-US\",\"@id\":\"https:\/\/www.antiquejewellerycompany.com\/us\/#\/schema\/logo\/image\/\",\"url\":\"https:\/\/static.antiquejewellerycompany.com\/sites\/4\/\/sites\/4\/2022\/07\/ajc-logo.png\",\"contentUrl\":\"https:\/\/static.antiquejewellerycompany.com\/sites\/4\/\/sites\/4\/2022\/07\/ajc-logo.png\",\"width\":2000,\"height\":1500,\"caption\":\"The Antique Jewellery Company\"},\"image\":{\"@id\":\"https:\/\/www.antiquejewellerycompany.com\/us\/#\/schema\/logo\/image\/\"},\"sameAs\":[\"https:\/\/www.facebook.com\/antiquejewellerycompany\",\"https:\/\/x.com\/ajc_london\",\"https:\/\/www.instagram.com\/antiquejewellerycompany\",\"https:\/\/www.linkedin.com\/company\/the-antique-jewellery-company\/\",\"https:\/\/www.pinterest.co.uk\/antiquejewels\/\",\"https:\/\/www.youtube.com\/antiquejewellerycompany\"]}]}<\/script>\n<meta property=\"product:price:amount\" content=\"2500.00\" \/>\n<meta property=\"product:price:currency\" content=\"USD\" \/>\n<meta property=\"og:availability\" content=\"instock\" \/>\n<meta property=\"product:availability\" content=\"instock\" \/>\n<meta property=\"product:retailer_item_id\" content=\"928U\" \/>\n<meta property=\"product:condition\" content=\"used\" \/>","yoast_head_json":{"title":"French Early 20th Century 18ct Gold Snake Ring set with a Sapphire &amp; Ruby Eyes (928U) | The Antique Jewellery Company","robots":{"index":"index","follow":"follow","max-snippet":"max-snippet:-1","max-image-preview":"max-image-preview:large","max-video-preview":"max-video-preview:-1"},"canonical":"https:\/\/www.antiquejewellerycompany.com\/us\/shop\/french-early-20th-century-18ct-gold-snake-ring-set-with-a-sapphire-ruby-eyes\/","og_locale":"en_US","og_type":"article","og_title":"French Early 20th Century 18ct Gold Snake Ring set with a Sapphire &amp; Ruby Eyes","og_description":"A well modelled\u00a018ct gold coiled snake ring that was made in France circa 1910-1920. It has been set with a sapphire in its head, and it has two ruby eyes. Snake jewellery symbolised eternal love and is a lovely sentiment to wear on one\u2019s finger either as an engagement ring or a dress ring. The [&hellip;]","og_url":"https:\/\/www.antiquejewellerycompany.com\/us\/shop\/french-early-20th-century-18ct-gold-snake-ring-set-with-a-sapphire-ruby-eyes\/","og_site_name":"AJC - USA","article_publisher":"https:\/\/www.facebook.com\/antiquejewellerycompany","article_modified_time":"2025-11-17T13:10:31+00:00","og_image":[{"width":2000,"height":1500,"url":"https:\/\/static.antiquejewellerycompany.com\/sites\/4\/\/sites\/4\/2022\/07\/ajc-logo.png","type":"image\/png"}],"twitter_card":"summary_large_image","twitter_site":"@ajc_london","schema":{"@context":"https:\/\/schema.org","@graph":[{"@type":["WebPage","ItemPage"],"@id":"https:\/\/www.antiquejewellerycompany.com\/us\/shop\/french-early-20th-century-18ct-gold-snake-ring-set-with-a-sapphire-ruby-eyes\/","url":"https:\/\/www.antiquejewellerycompany.com\/us\/shop\/french-early-20th-century-18ct-gold-snake-ring-set-with-a-sapphire-ruby-eyes\/","name":"French Early 20th Century 18ct Gold Snake Ring set with a Sapphire &amp; Ruby Eyes (928U) | The Antique Jewellery Company","isPartOf":{"@id":"https:\/\/www.antiquejewellerycompany.com\/us\/#website"},"primaryImageOfPage":{"@id":"https:\/\/www.antiquejewellerycompany.com\/us\/shop\/french-early-20th-century-18ct-gold-snake-ring-set-with-a-sapphire-ruby-eyes\/#primaryimage"},"image":{"@id":"https:\/\/www.antiquejewellerycompany.com\/us\/shop\/french-early-20th-century-18ct-gold-snake-ring-set-with-a-sapphire-ruby-eyes\/#primaryimage"},"thumbnailUrl":"https:\/\/static.antiquejewellerycompany.com\/2023\/08\/DSC02153.jpg","datePublished":"2023-08-15T14:09:16+00:00","dateModified":"2025-11-17T13:10:31+00:00","breadcrumb":{"@id":"https:\/\/www.antiquejewellerycompany.com\/us\/shop\/french-early-20th-century-18ct-gold-snake-ring-set-with-a-sapphire-ruby-eyes\/#breadcrumb"},"inLanguage":"en-US","potentialAction":[{"@type":"ReadAction","target":["https:\/\/www.antiquejewellerycompany.com\/us\/shop\/french-early-20th-century-18ct-gold-snake-ring-set-with-a-sapphire-ruby-eyes\/"]}]},{"@type":"ImageObject","inLanguage":"en-US","@id":"https:\/\/www.antiquejewellerycompany.com\/us\/shop\/french-early-20th-century-18ct-gold-snake-ring-set-with-a-sapphire-ruby-eyes\/#primaryimage","url":"https:\/\/static.antiquejewellerycompany.com\/2023\/08\/DSC02153.jpg","contentUrl":"https:\/\/static.antiquejewellerycompany.com\/2023\/08\/DSC02153.jpg"},{"@type":"BreadcrumbList","@id":"https:\/\/www.antiquejewellerycompany.com\/us\/shop\/french-early-20th-century-18ct-gold-snake-ring-set-with-a-sapphire-ruby-eyes\/#breadcrumb","itemListElement":[{"@type":"ListItem","position":1,"name":"Home","item":"https:\/\/www.antiquejewellerycompany.com\/us\/"},{"@type":"ListItem","position":2,"name":"Vintage Jewelry","item":"https:\/\/www.antiquejewellerycompany.com\/us\/vintage-jewelry\/"},{"@type":"ListItem","position":3,"name":"French Early 20th Century 18ct Gold Snake Ring set with a Sapphire &amp; Ruby Eyes"}]},{"@type":"WebSite","@id":"https:\/\/www.antiquejewellerycompany.com\/us\/#website","url":"https:\/\/www.antiquejewellerycompany.com\/us\/","name":"The Antique Jewellery Company","description":"Specialists in Vintage Jewelry, Antique Jewelry and Estate Jewelry","publisher":{"@id":"https:\/\/www.antiquejewellerycompany.com\/us\/#organization"},"alternateName":"AJC","potentialAction":[{"@type":"SearchAction","target":{"@type":"EntryPoint","urlTemplate":"https:\/\/www.antiquejewellerycompany.com\/us\/?s={search_term_string}"},"query-input":{"@type":"PropertyValueSpecification","valueRequired":true,"valueName":"search_term_string"}}],"inLanguage":"en-US"},{"@type":"Organization","@id":"https:\/\/www.antiquejewellerycompany.com\/us\/#organization","name":"The Antique Jewellery Company","alternateName":"AJC","url":"https:\/\/www.antiquejewellerycompany.com\/us\/","logo":{"@type":"ImageObject","inLanguage":"en-US","@id":"https:\/\/www.antiquejewellerycompany.com\/us\/#\/schema\/logo\/image\/","url":"https:\/\/static.antiquejewellerycompany.com\/sites\/4\/\/sites\/4\/2022\/07\/ajc-logo.png","contentUrl":"https:\/\/static.antiquejewellerycompany.com\/sites\/4\/\/sites\/4\/2022\/07\/ajc-logo.png","width":2000,"height":1500,"caption":"The Antique Jewellery Company"},"image":{"@id":"https:\/\/www.antiquejewellerycompany.com\/us\/#\/schema\/logo\/image\/"},"sameAs":["https:\/\/www.facebook.com\/antiquejewellerycompany","https:\/\/x.com\/ajc_london","https:\/\/www.instagram.com\/antiquejewellerycompany","https:\/\/www.linkedin.com\/company\/the-antique-jewellery-company\/","https:\/\/www.pinterest.co.uk\/antiquejewels\/","https:\/\/www.youtube.com\/antiquejewellerycompany"]}]},"product_price_amount":"2500.00","product_price_currency":"USD","og_availability":"instock","product_availability":"instock","product_retailer_item_id":"928U","product_condition":"used"},"_links":{"self":[{"href":"https:\/\/www.antiquejewellerycompany.com\/us\/wp-json\/wp\/v2\/product\/927440","targetHints":{"allow":["GET"]}}],"collection":[{"href":"https:\/\/www.antiquejewellerycompany.com\/us\/wp-json\/wp\/v2\/product"}],"about":[{"href":"https:\/\/www.antiquejewellerycompany.com\/us\/wp-json\/wp\/v2\/types\/product"}],"wp:featuredmedia":[{"embeddable":true,"href":"https:\/\/www.antiquejewellerycompany.com\/us\/wp-json\/"}],"wp:attachment":[{"href":"https:\/\/www.antiquejewellerycompany.com\/us\/wp-json\/wp\/v2\/media?parent=927440"}],"wp:term":[{"taxonomy":"product_brand","embeddable":true,"href":"https:\/\/www.antiquejewellerycompany.com\/us\/wp-json\/wp\/v2\/product_brand?post=927440"},{"taxonomy":"product_cat","embeddable":true,"href":"https:\/\/www.antiquejewellerycompany.com\/us\/wp-json\/wp\/v2\/product_cat?post=927440"},{"taxonomy":"product_tag","embeddable":true,"href":"https:\/\/www.antiquejewellerycompany.com\/us\/wp-json\/wp\/v2\/product_tag?post=927440"}],"curies":[{"name":"wp","href":"https:\/\/api.w.org\/{rel}","templated":true}]}}