{"id":499230,"date":"2015-08-07T14:00:05","date_gmt":"2015-08-07T13:00:05","guid":{"rendered":"https:\/\/www.antiquejewellerycompany.com\/us\/shop\/long-drop-14ct-gold-pearl-earrings-by-bjorn-weckstrom-for-lapponia\/"},"modified":"2024-09-27T04:12:43","modified_gmt":"2024-09-27T03:12:43","slug":"long-drop-14ct-gold-pearl-earrings-by-bjorn-weckstrom-for-lapponia","status":"publish","type":"product","link":"https:\/\/www.antiquejewellerycompany.com\/us\/shop\/long-drop-14ct-gold-pearl-earrings-by-bjorn-weckstrom-for-lapponia\/","title":{"rendered":"Long Drop 14ct Gold &#038; Pearl Earrings By Bj\u00f6rn Weckstr\u00f6m for Lapponia"},"content":{"rendered":"<p>Bj\u00f6rn Weckstr\u00f6m (born 1935) is a recognized jewellery artist and sculptor. He was the forerunner in designing sculpture-like jewellery for Lapponia Jewelry, drawing his inspiration from the shape and matte surface of gold nuggets from Finnish Lapland. The unique surfaces of Lapponia pieces and the creation of distinctive Lapponia design language were his invention. These articulated earrings with their claw like design holding a pearl and bat like tops are unusual and typical of his extraordinary talent.<\/p>\n","protected":false},"excerpt":{"rendered":"<p>Bj\u00f6rn Weckstr\u00f6m (born 1935) is a recognized jewellery artist and sculptor. He was the forerunner in designing sculpture-like jewellery for Lapponia Jewelry, drawing his inspiration from the shape and matte surface of gold nuggets from Finnish Lapland. The unique surfaces of Lapponia pieces and the creation of distinctive Lapponia design language were his invention. These [&hellip;]<\/p>\n","protected":false},"featured_media":100000027134,"template":"","meta":{"_acf_changed":false},"product_brand":[],"product_cat":[5308],"product_tag":[],"class_list":{"1":"product","6":"product_cat-uncategorised","7":"type-vintage-drop-earrings","8":"type-vintage-earrings","9":"period-modern","10":"material-gold","11":"material-metals","12":"material-other","13":"material-pearl","15":"first","16":"instock","17":"taxable","18":"shipping-taxable","19":"purchasable","20":"product-type-simple"},"acf":[],"yoast_head":"<title>Long Drop 14ct Gold &amp; Pearl Earrings By Bj\u00f6rn Weckstr\u00f6m for Lapponia (977F) | The Antique Jewellery Company<\/title>\n<meta name=\"robots\" content=\"index, follow, max-snippet:-1, max-image-preview:large, max-video-preview:-1\" \/>\n<link rel=\"canonical\" href=\"https:\/\/www.antiquejewellerycompany.com\/us\/shop\/long-drop-14ct-gold-pearl-earrings-by-bjorn-weckstrom-for-lapponia\/\" \/>\n<meta property=\"og:locale\" content=\"en_US\" \/>\n<meta property=\"og:type\" content=\"article\" \/>\n<meta property=\"og:title\" content=\"Long Drop 14ct Gold &amp; Pearl Earrings By Bj\u00f6rn Weckstr\u00f6m for Lapponia\" \/>\n<meta property=\"og:description\" content=\"Bj\u00f6rn Weckstr\u00f6m (born 1935) is a recognized jewellery artist and sculptor. He was the forerunner in designing sculpture-like jewellery for Lapponia Jewelry, drawing his inspiration from the shape and matte surface of gold nuggets from Finnish Lapland. The unique surfaces of Lapponia pieces and the creation of distinctive Lapponia design language were his invention. These [&hellip;]\" \/>\n<meta property=\"og:url\" content=\"https:\/\/www.antiquejewellerycompany.com\/us\/shop\/long-drop-14ct-gold-pearl-earrings-by-bjorn-weckstrom-for-lapponia\/\" \/>\n<meta property=\"og:site_name\" content=\"AJC - USA\" \/>\n<meta property=\"article:publisher\" content=\"https:\/\/www.facebook.com\/antiquejewellerycompany\" \/>\n<meta property=\"article:modified_time\" content=\"2024-09-27T03:12:43+00:00\" \/>\n<meta property=\"og:image\" content=\"https:\/\/static.antiquejewellerycompany.com\/sites\/4\/\/sites\/4\/2022\/07\/ajc-logo.png\" \/>\n\t<meta property=\"og:image:width\" content=\"2000\" \/>\n\t<meta property=\"og:image:height\" content=\"1500\" \/>\n\t<meta property=\"og:image:type\" content=\"image\/png\" \/>\n<meta name=\"twitter:card\" content=\"summary_large_image\" \/>\n<meta name=\"twitter:site\" content=\"@ajc_london\" \/>\n<script type=\"application\/ld+json\" class=\"yoast-schema-graph\">{\"@context\":\"https:\/\/schema.org\",\"@graph\":[{\"@type\":[\"WebPage\",\"ItemPage\"],\"@id\":\"https:\/\/www.antiquejewellerycompany.com\/us\/shop\/long-drop-14ct-gold-pearl-earrings-by-bjorn-weckstrom-for-lapponia\/\",\"url\":\"https:\/\/www.antiquejewellerycompany.com\/us\/shop\/long-drop-14ct-gold-pearl-earrings-by-bjorn-weckstrom-for-lapponia\/\",\"name\":\"Long Drop 14ct Gold & Pearl Earrings By Bj\u00f6rn Weckstr\u00f6m for Lapponia (977F) | The Antique Jewellery Company\",\"isPartOf\":{\"@id\":\"https:\/\/www.antiquejewellerycompany.com\/us\/#website\"},\"primaryImageOfPage\":{\"@id\":\"https:\/\/www.antiquejewellerycompany.com\/us\/shop\/long-drop-14ct-gold-pearl-earrings-by-bjorn-weckstrom-for-lapponia\/#primaryimage\"},\"image\":{\"@id\":\"https:\/\/www.antiquejewellerycompany.com\/us\/shop\/long-drop-14ct-gold-pearl-earrings-by-bjorn-weckstrom-for-lapponia\/#primaryimage\"},\"thumbnailUrl\":\"https:\/\/static.antiquejewellerycompany.com\/2015\/07\/IMG_8088.jpg\",\"datePublished\":\"2015-08-07T13:00:05+00:00\",\"dateModified\":\"2024-09-27T03:12:43+00:00\",\"breadcrumb\":{\"@id\":\"https:\/\/www.antiquejewellerycompany.com\/us\/shop\/long-drop-14ct-gold-pearl-earrings-by-bjorn-weckstrom-for-lapponia\/#breadcrumb\"},\"inLanguage\":\"en-US\",\"potentialAction\":[{\"@type\":\"ReadAction\",\"target\":[\"https:\/\/www.antiquejewellerycompany.com\/us\/shop\/long-drop-14ct-gold-pearl-earrings-by-bjorn-weckstrom-for-lapponia\/\"]}]},{\"@type\":\"ImageObject\",\"inLanguage\":\"en-US\",\"@id\":\"https:\/\/www.antiquejewellerycompany.com\/us\/shop\/long-drop-14ct-gold-pearl-earrings-by-bjorn-weckstrom-for-lapponia\/#primaryimage\",\"url\":\"https:\/\/static.antiquejewellerycompany.com\/2015\/07\/IMG_8088.jpg\",\"contentUrl\":\"https:\/\/static.antiquejewellerycompany.com\/2015\/07\/IMG_8088.jpg\"},{\"@type\":\"BreadcrumbList\",\"@id\":\"https:\/\/www.antiquejewellerycompany.com\/us\/shop\/long-drop-14ct-gold-pearl-earrings-by-bjorn-weckstrom-for-lapponia\/#breadcrumb\",\"itemListElement\":[{\"@type\":\"ListItem\",\"position\":1,\"name\":\"Home\",\"item\":\"https:\/\/www.antiquejewellerycompany.com\/us\/\"},{\"@type\":\"ListItem\",\"position\":2,\"name\":\"Vintage Jewelry\",\"item\":\"https:\/\/www.antiquejewellerycompany.com\/us\/vintage-jewelry\/\"},{\"@type\":\"ListItem\",\"position\":3,\"name\":\"Long Drop 14ct Gold &#038; Pearl Earrings By Bj\u00f6rn Weckstr\u00f6m for Lapponia\"}]},{\"@type\":\"WebSite\",\"@id\":\"https:\/\/www.antiquejewellerycompany.com\/us\/#website\",\"url\":\"https:\/\/www.antiquejewellerycompany.com\/us\/\",\"name\":\"The Antique Jewellery Company\",\"description\":\"Specialists in Vintage Jewelry, Antique Jewelry and Estate Jewelry\",\"publisher\":{\"@id\":\"https:\/\/www.antiquejewellerycompany.com\/us\/#organization\"},\"alternateName\":\"AJC\",\"potentialAction\":[{\"@type\":\"SearchAction\",\"target\":{\"@type\":\"EntryPoint\",\"urlTemplate\":\"https:\/\/www.antiquejewellerycompany.com\/us\/?s={search_term_string}\"},\"query-input\":{\"@type\":\"PropertyValueSpecification\",\"valueRequired\":true,\"valueName\":\"search_term_string\"}}],\"inLanguage\":\"en-US\"},{\"@type\":\"Organization\",\"@id\":\"https:\/\/www.antiquejewellerycompany.com\/us\/#organization\",\"name\":\"The Antique Jewellery Company\",\"alternateName\":\"AJC\",\"url\":\"https:\/\/www.antiquejewellerycompany.com\/us\/\",\"logo\":{\"@type\":\"ImageObject\",\"inLanguage\":\"en-US\",\"@id\":\"https:\/\/www.antiquejewellerycompany.com\/us\/#\/schema\/logo\/image\/\",\"url\":\"https:\/\/static.antiquejewellerycompany.com\/sites\/4\/\/sites\/4\/2022\/07\/ajc-logo.png\",\"contentUrl\":\"https:\/\/static.antiquejewellerycompany.com\/sites\/4\/\/sites\/4\/2022\/07\/ajc-logo.png\",\"width\":2000,\"height\":1500,\"caption\":\"The Antique Jewellery Company\"},\"image\":{\"@id\":\"https:\/\/www.antiquejewellerycompany.com\/us\/#\/schema\/logo\/image\/\"},\"sameAs\":[\"https:\/\/www.facebook.com\/antiquejewellerycompany\",\"https:\/\/x.com\/ajc_london\",\"https:\/\/www.instagram.com\/antiquejewellerycompany\",\"https:\/\/www.linkedin.com\/company\/the-antique-jewellery-company\/\",\"https:\/\/www.pinterest.co.uk\/antiquejewels\/\",\"https:\/\/www.youtube.com\/antiquejewellerycompany\"]}]}<\/script>\n<meta property=\"product:price:amount\" content=\"2950.00\" \/>\n<meta property=\"product:price:currency\" content=\"USD\" \/>\n<meta property=\"og:availability\" content=\"instock\" \/>\n<meta property=\"product:availability\" content=\"instock\" \/>\n<meta property=\"product:retailer_item_id\" content=\"977F\" \/>\n<meta property=\"product:condition\" content=\"used\" \/>","yoast_head_json":{"title":"Long Drop 14ct Gold & Pearl Earrings By Bj\u00f6rn Weckstr\u00f6m for Lapponia (977F) | The Antique Jewellery Company","robots":{"index":"index","follow":"follow","max-snippet":"max-snippet:-1","max-image-preview":"max-image-preview:large","max-video-preview":"max-video-preview:-1"},"canonical":"https:\/\/www.antiquejewellerycompany.com\/us\/shop\/long-drop-14ct-gold-pearl-earrings-by-bjorn-weckstrom-for-lapponia\/","og_locale":"en_US","og_type":"article","og_title":"Long Drop 14ct Gold & Pearl Earrings By Bj\u00f6rn Weckstr\u00f6m for Lapponia","og_description":"Bj\u00f6rn Weckstr\u00f6m (born 1935) is a recognized jewellery artist and sculptor. He was the forerunner in designing sculpture-like jewellery for Lapponia Jewelry, drawing his inspiration from the shape and matte surface of gold nuggets from Finnish Lapland. The unique surfaces of Lapponia pieces and the creation of distinctive Lapponia design language were his invention. These [&hellip;]","og_url":"https:\/\/www.antiquejewellerycompany.com\/us\/shop\/long-drop-14ct-gold-pearl-earrings-by-bjorn-weckstrom-for-lapponia\/","og_site_name":"AJC - USA","article_publisher":"https:\/\/www.facebook.com\/antiquejewellerycompany","article_modified_time":"2024-09-27T03:12:43+00:00","og_image":[{"width":2000,"height":1500,"url":"https:\/\/static.antiquejewellerycompany.com\/sites\/4\/\/sites\/4\/2022\/07\/ajc-logo.png","type":"image\/png"}],"twitter_card":"summary_large_image","twitter_site":"@ajc_london","schema":{"@context":"https:\/\/schema.org","@graph":[{"@type":["WebPage","ItemPage"],"@id":"https:\/\/www.antiquejewellerycompany.com\/us\/shop\/long-drop-14ct-gold-pearl-earrings-by-bjorn-weckstrom-for-lapponia\/","url":"https:\/\/www.antiquejewellerycompany.com\/us\/shop\/long-drop-14ct-gold-pearl-earrings-by-bjorn-weckstrom-for-lapponia\/","name":"Long Drop 14ct Gold & Pearl Earrings By Bj\u00f6rn Weckstr\u00f6m for Lapponia (977F) | The Antique Jewellery Company","isPartOf":{"@id":"https:\/\/www.antiquejewellerycompany.com\/us\/#website"},"primaryImageOfPage":{"@id":"https:\/\/www.antiquejewellerycompany.com\/us\/shop\/long-drop-14ct-gold-pearl-earrings-by-bjorn-weckstrom-for-lapponia\/#primaryimage"},"image":{"@id":"https:\/\/www.antiquejewellerycompany.com\/us\/shop\/long-drop-14ct-gold-pearl-earrings-by-bjorn-weckstrom-for-lapponia\/#primaryimage"},"thumbnailUrl":"https:\/\/static.antiquejewellerycompany.com\/2015\/07\/IMG_8088.jpg","datePublished":"2015-08-07T13:00:05+00:00","dateModified":"2024-09-27T03:12:43+00:00","breadcrumb":{"@id":"https:\/\/www.antiquejewellerycompany.com\/us\/shop\/long-drop-14ct-gold-pearl-earrings-by-bjorn-weckstrom-for-lapponia\/#breadcrumb"},"inLanguage":"en-US","potentialAction":[{"@type":"ReadAction","target":["https:\/\/www.antiquejewellerycompany.com\/us\/shop\/long-drop-14ct-gold-pearl-earrings-by-bjorn-weckstrom-for-lapponia\/"]}]},{"@type":"ImageObject","inLanguage":"en-US","@id":"https:\/\/www.antiquejewellerycompany.com\/us\/shop\/long-drop-14ct-gold-pearl-earrings-by-bjorn-weckstrom-for-lapponia\/#primaryimage","url":"https:\/\/static.antiquejewellerycompany.com\/2015\/07\/IMG_8088.jpg","contentUrl":"https:\/\/static.antiquejewellerycompany.com\/2015\/07\/IMG_8088.jpg"},{"@type":"BreadcrumbList","@id":"https:\/\/www.antiquejewellerycompany.com\/us\/shop\/long-drop-14ct-gold-pearl-earrings-by-bjorn-weckstrom-for-lapponia\/#breadcrumb","itemListElement":[{"@type":"ListItem","position":1,"name":"Home","item":"https:\/\/www.antiquejewellerycompany.com\/us\/"},{"@type":"ListItem","position":2,"name":"Vintage Jewelry","item":"https:\/\/www.antiquejewellerycompany.com\/us\/vintage-jewelry\/"},{"@type":"ListItem","position":3,"name":"Long Drop 14ct Gold &#038; Pearl Earrings By Bj\u00f6rn Weckstr\u00f6m for Lapponia"}]},{"@type":"WebSite","@id":"https:\/\/www.antiquejewellerycompany.com\/us\/#website","url":"https:\/\/www.antiquejewellerycompany.com\/us\/","name":"The Antique Jewellery Company","description":"Specialists in Vintage Jewelry, Antique Jewelry and Estate Jewelry","publisher":{"@id":"https:\/\/www.antiquejewellerycompany.com\/us\/#organization"},"alternateName":"AJC","potentialAction":[{"@type":"SearchAction","target":{"@type":"EntryPoint","urlTemplate":"https:\/\/www.antiquejewellerycompany.com\/us\/?s={search_term_string}"},"query-input":{"@type":"PropertyValueSpecification","valueRequired":true,"valueName":"search_term_string"}}],"inLanguage":"en-US"},{"@type":"Organization","@id":"https:\/\/www.antiquejewellerycompany.com\/us\/#organization","name":"The Antique Jewellery Company","alternateName":"AJC","url":"https:\/\/www.antiquejewellerycompany.com\/us\/","logo":{"@type":"ImageObject","inLanguage":"en-US","@id":"https:\/\/www.antiquejewellerycompany.com\/us\/#\/schema\/logo\/image\/","url":"https:\/\/static.antiquejewellerycompany.com\/sites\/4\/\/sites\/4\/2022\/07\/ajc-logo.png","contentUrl":"https:\/\/static.antiquejewellerycompany.com\/sites\/4\/\/sites\/4\/2022\/07\/ajc-logo.png","width":2000,"height":1500,"caption":"The Antique Jewellery Company"},"image":{"@id":"https:\/\/www.antiquejewellerycompany.com\/us\/#\/schema\/logo\/image\/"},"sameAs":["https:\/\/www.facebook.com\/antiquejewellerycompany","https:\/\/x.com\/ajc_london","https:\/\/www.instagram.com\/antiquejewellerycompany","https:\/\/www.linkedin.com\/company\/the-antique-jewellery-company\/","https:\/\/www.pinterest.co.uk\/antiquejewels\/","https:\/\/www.youtube.com\/antiquejewellerycompany"]}]},"product_price_amount":"2950.00","product_price_currency":"USD","og_availability":"instock","product_availability":"instock","product_retailer_item_id":"977F","product_condition":"used"},"_links":{"self":[{"href":"https:\/\/www.antiquejewellerycompany.com\/us\/wp-json\/wp\/v2\/product\/499230","targetHints":{"allow":["GET"]}}],"collection":[{"href":"https:\/\/www.antiquejewellerycompany.com\/us\/wp-json\/wp\/v2\/product"}],"about":[{"href":"https:\/\/www.antiquejewellerycompany.com\/us\/wp-json\/wp\/v2\/types\/product"}],"wp:featuredmedia":[{"embeddable":true,"href":"https:\/\/www.antiquejewellerycompany.com\/us\/wp-json\/"}],"wp:attachment":[{"href":"https:\/\/www.antiquejewellerycompany.com\/us\/wp-json\/wp\/v2\/media?parent=499230"}],"wp:term":[{"taxonomy":"product_brand","embeddable":true,"href":"https:\/\/www.antiquejewellerycompany.com\/us\/wp-json\/wp\/v2\/product_brand?post=499230"},{"taxonomy":"product_cat","embeddable":true,"href":"https:\/\/www.antiquejewellerycompany.com\/us\/wp-json\/wp\/v2\/product_cat?post=499230"},{"taxonomy":"product_tag","embeddable":true,"href":"https:\/\/www.antiquejewellerycompany.com\/us\/wp-json\/wp\/v2\/product_tag?post=499230"}],"curies":[{"name":"wp","href":"https:\/\/api.w.org\/{rel}","templated":true}]}}