{"id":491556,"date":"2021-04-23T17:02:40","date_gmt":"2021-04-23T16:02:40","guid":{"rendered":"https:\/\/www.antiquejewellerycompany.com\/us\/shop\/french-18ct-gold-diamond-necklace-by-hermes-paris\/"},"modified":"2024-09-26T22:19:41","modified_gmt":"2024-09-26T21:19:41","slug":"french-18ct-gold-diamond-necklace-by-hermes-paris","status":"publish","type":"product","link":"https:\/\/www.antiquejewellerycompany.com\/us\/shop\/french-18ct-gold-diamond-necklace-by-hermes-paris\/","title":{"rendered":"French 18ct Gold &#038; Diamond Necklace by Herm\u00e8s, Paris"},"content":{"rendered":"<p>The founder of Herm\u00e8s, Thierry Herm\u00e8s, began his career in 1837 making horse harnesses for the European noble class. Herm\u00e8s received critical praise for his craftsmanship and was awarded the first prize in its class at the 1855 and later the 1867 Expositions Universelles in Paris for his carriage bridles. From there Herm\u00e8s production expanded to include saddles, saddle bags, golf jackets, and leather bags. In fact, it wasn\u2019t until the mid-1950s that Herm\u00e8s began designing and producing jewellery. It has been a highly successful venture and has continued the high quality craftsmanship that Herm\u00e8s is famous for. This articulated chain necklace is so wearable and sits comfortably on the neck with a central two horseshoes motif set with diamonds following the equine theme that Hermes is celebrated for<\/p>\n","protected":false},"excerpt":{"rendered":"<p>The founder of Herm\u00e8s, Thierry Herm\u00e8s, began his career in 1837 making horse harnesses for the European noble class. Herm\u00e8s received critical praise for his craftsmanship and was awarded the first prize in its class at the 1855 and later the 1867 Expositions Universelles in Paris for his carriage bridles. From there Herm\u00e8s production expanded [&hellip;]<\/p>\n","protected":false},"featured_media":1000000433583,"template":"","meta":{"_acf_changed":false},"product_brand":[],"product_cat":[5308],"product_tag":[],"class_list":{"1":"product","6":"product_cat-uncategorised","7":"type-vintage-necklaces","8":"period-modern","9":"material-diamond","10":"material-gold","11":"material-metals","12":"material-precious-stones","13":"collection-champagne","15":"first","16":"instock","17":"taxable","18":"shipping-taxable","19":"purchasable","20":"product-type-simple"},"acf":[],"yoast_head":"<title>French 18ct Gold &amp; Diamond Necklace by Herm\u00e8s, Paris (392R) | The Antique Jewellery Company<\/title>\n<meta name=\"robots\" content=\"index, follow, max-snippet:-1, max-image-preview:large, max-video-preview:-1\" \/>\n<link rel=\"canonical\" href=\"https:\/\/www.antiquejewellerycompany.com\/us\/shop\/french-18ct-gold-diamond-necklace-by-hermes-paris\/\" \/>\n<meta property=\"og:locale\" content=\"en_US\" \/>\n<meta property=\"og:type\" content=\"article\" \/>\n<meta property=\"og:title\" content=\"French 18ct Gold &amp; Diamond Necklace by Herm\u00e8s, Paris\" \/>\n<meta property=\"og:description\" content=\"The founder of Herm\u00e8s, Thierry Herm\u00e8s, began his career in 1837 making horse harnesses for the European noble class. Herm\u00e8s received critical praise for his craftsmanship and was awarded the first prize in its class at the 1855 and later the 1867 Expositions Universelles in Paris for his carriage bridles. From there Herm\u00e8s production expanded [&hellip;]\" \/>\n<meta property=\"og:url\" content=\"https:\/\/www.antiquejewellerycompany.com\/us\/shop\/french-18ct-gold-diamond-necklace-by-hermes-paris\/\" \/>\n<meta property=\"og:site_name\" content=\"AJC - USA\" \/>\n<meta property=\"article:publisher\" content=\"https:\/\/www.facebook.com\/antiquejewellerycompany\" \/>\n<meta property=\"article:modified_time\" content=\"2024-09-26T21:19:41+00:00\" \/>\n<meta property=\"og:image\" content=\"https:\/\/static.antiquejewellerycompany.com\/sites\/4\/\/sites\/4\/2022\/07\/ajc-logo.png\" \/>\n\t<meta property=\"og:image:width\" content=\"2000\" \/>\n\t<meta property=\"og:image:height\" content=\"1500\" \/>\n\t<meta property=\"og:image:type\" content=\"image\/png\" \/>\n<meta name=\"twitter:card\" content=\"summary_large_image\" \/>\n<meta name=\"twitter:site\" content=\"@ajc_london\" \/>\n<script type=\"application\/ld+json\" class=\"yoast-schema-graph\">{\"@context\":\"https:\/\/schema.org\",\"@graph\":[{\"@type\":[\"WebPage\",\"ItemPage\"],\"@id\":\"https:\/\/www.antiquejewellerycompany.com\/us\/shop\/french-18ct-gold-diamond-necklace-by-hermes-paris\/\",\"url\":\"https:\/\/www.antiquejewellerycompany.com\/us\/shop\/french-18ct-gold-diamond-necklace-by-hermes-paris\/\",\"name\":\"French 18ct Gold & Diamond Necklace by Herm\u00e8s, Paris (392R) | The Antique Jewellery Company\",\"isPartOf\":{\"@id\":\"https:\/\/www.antiquejewellerycompany.com\/us\/#website\"},\"primaryImageOfPage\":{\"@id\":\"https:\/\/www.antiquejewellerycompany.com\/us\/shop\/french-18ct-gold-diamond-necklace-by-hermes-paris\/#primaryimage\"},\"image\":{\"@id\":\"https:\/\/www.antiquejewellerycompany.com\/us\/shop\/french-18ct-gold-diamond-necklace-by-hermes-paris\/#primaryimage\"},\"thumbnailUrl\":\"https:\/\/static.antiquejewellerycompany.com\/2021\/04\/f8beb0fd-dsc07010-scaled.jpg\",\"datePublished\":\"2021-04-23T16:02:40+00:00\",\"dateModified\":\"2024-09-26T21:19:41+00:00\",\"breadcrumb\":{\"@id\":\"https:\/\/www.antiquejewellerycompany.com\/us\/shop\/french-18ct-gold-diamond-necklace-by-hermes-paris\/#breadcrumb\"},\"inLanguage\":\"en-US\",\"potentialAction\":[{\"@type\":\"ReadAction\",\"target\":[\"https:\/\/www.antiquejewellerycompany.com\/us\/shop\/french-18ct-gold-diamond-necklace-by-hermes-paris\/\"]}]},{\"@type\":\"ImageObject\",\"inLanguage\":\"en-US\",\"@id\":\"https:\/\/www.antiquejewellerycompany.com\/us\/shop\/french-18ct-gold-diamond-necklace-by-hermes-paris\/#primaryimage\",\"url\":\"https:\/\/static.antiquejewellerycompany.com\/2021\/04\/f8beb0fd-dsc07010-scaled.jpg\",\"contentUrl\":\"https:\/\/static.antiquejewellerycompany.com\/2021\/04\/f8beb0fd-dsc07010-scaled.jpg\"},{\"@type\":\"BreadcrumbList\",\"@id\":\"https:\/\/www.antiquejewellerycompany.com\/us\/shop\/french-18ct-gold-diamond-necklace-by-hermes-paris\/#breadcrumb\",\"itemListElement\":[{\"@type\":\"ListItem\",\"position\":1,\"name\":\"Home\",\"item\":\"https:\/\/www.antiquejewellerycompany.com\/us\/\"},{\"@type\":\"ListItem\",\"position\":2,\"name\":\"Vintage Jewelry\",\"item\":\"https:\/\/www.antiquejewellerycompany.com\/us\/vintage-jewelry\/\"},{\"@type\":\"ListItem\",\"position\":3,\"name\":\"French 18ct Gold &#038; Diamond Necklace by Herm\u00e8s, Paris\"}]},{\"@type\":\"WebSite\",\"@id\":\"https:\/\/www.antiquejewellerycompany.com\/us\/#website\",\"url\":\"https:\/\/www.antiquejewellerycompany.com\/us\/\",\"name\":\"The Antique Jewellery Company\",\"description\":\"Specialists in Vintage Jewelry, Antique Jewelry and Estate Jewelry\",\"publisher\":{\"@id\":\"https:\/\/www.antiquejewellerycompany.com\/us\/#organization\"},\"alternateName\":\"AJC\",\"potentialAction\":[{\"@type\":\"SearchAction\",\"target\":{\"@type\":\"EntryPoint\",\"urlTemplate\":\"https:\/\/www.antiquejewellerycompany.com\/us\/?s={search_term_string}\"},\"query-input\":{\"@type\":\"PropertyValueSpecification\",\"valueRequired\":true,\"valueName\":\"search_term_string\"}}],\"inLanguage\":\"en-US\"},{\"@type\":\"Organization\",\"@id\":\"https:\/\/www.antiquejewellerycompany.com\/us\/#organization\",\"name\":\"The Antique Jewellery Company\",\"alternateName\":\"AJC\",\"url\":\"https:\/\/www.antiquejewellerycompany.com\/us\/\",\"logo\":{\"@type\":\"ImageObject\",\"inLanguage\":\"en-US\",\"@id\":\"https:\/\/www.antiquejewellerycompany.com\/us\/#\/schema\/logo\/image\/\",\"url\":\"https:\/\/static.antiquejewellerycompany.com\/sites\/4\/\/sites\/4\/2022\/07\/ajc-logo.png\",\"contentUrl\":\"https:\/\/static.antiquejewellerycompany.com\/sites\/4\/\/sites\/4\/2022\/07\/ajc-logo.png\",\"width\":2000,\"height\":1500,\"caption\":\"The Antique Jewellery Company\"},\"image\":{\"@id\":\"https:\/\/www.antiquejewellerycompany.com\/us\/#\/schema\/logo\/image\/\"},\"sameAs\":[\"https:\/\/www.facebook.com\/antiquejewellerycompany\",\"https:\/\/x.com\/ajc_london\",\"https:\/\/www.instagram.com\/antiquejewellerycompany\",\"https:\/\/www.linkedin.com\/company\/the-antique-jewellery-company\/\",\"https:\/\/www.pinterest.co.uk\/antiquejewels\/\",\"https:\/\/www.youtube.com\/antiquejewellerycompany\"]}]}<\/script>\n<meta property=\"product:price:amount\" content=\"6900.00\" \/>\n<meta property=\"product:price:currency\" content=\"USD\" \/>\n<meta property=\"og:availability\" content=\"instock\" \/>\n<meta property=\"product:availability\" content=\"instock\" \/>\n<meta property=\"product:retailer_item_id\" content=\"392R\" \/>\n<meta property=\"product:condition\" content=\"used\" \/>","yoast_head_json":{"title":"French 18ct Gold & Diamond Necklace by Herm\u00e8s, Paris (392R) | The Antique Jewellery Company","robots":{"index":"index","follow":"follow","max-snippet":"max-snippet:-1","max-image-preview":"max-image-preview:large","max-video-preview":"max-video-preview:-1"},"canonical":"https:\/\/www.antiquejewellerycompany.com\/us\/shop\/french-18ct-gold-diamond-necklace-by-hermes-paris\/","og_locale":"en_US","og_type":"article","og_title":"French 18ct Gold & Diamond Necklace by Herm\u00e8s, Paris","og_description":"The founder of Herm\u00e8s, Thierry Herm\u00e8s, began his career in 1837 making horse harnesses for the European noble class. Herm\u00e8s received critical praise for his craftsmanship and was awarded the first prize in its class at the 1855 and later the 1867 Expositions Universelles in Paris for his carriage bridles. From there Herm\u00e8s production expanded [&hellip;]","og_url":"https:\/\/www.antiquejewellerycompany.com\/us\/shop\/french-18ct-gold-diamond-necklace-by-hermes-paris\/","og_site_name":"AJC - USA","article_publisher":"https:\/\/www.facebook.com\/antiquejewellerycompany","article_modified_time":"2024-09-26T21:19:41+00:00","og_image":[{"width":2000,"height":1500,"url":"https:\/\/static.antiquejewellerycompany.com\/sites\/4\/\/sites\/4\/2022\/07\/ajc-logo.png","type":"image\/png"}],"twitter_card":"summary_large_image","twitter_site":"@ajc_london","schema":{"@context":"https:\/\/schema.org","@graph":[{"@type":["WebPage","ItemPage"],"@id":"https:\/\/www.antiquejewellerycompany.com\/us\/shop\/french-18ct-gold-diamond-necklace-by-hermes-paris\/","url":"https:\/\/www.antiquejewellerycompany.com\/us\/shop\/french-18ct-gold-diamond-necklace-by-hermes-paris\/","name":"French 18ct Gold & Diamond Necklace by Herm\u00e8s, Paris (392R) | The Antique Jewellery Company","isPartOf":{"@id":"https:\/\/www.antiquejewellerycompany.com\/us\/#website"},"primaryImageOfPage":{"@id":"https:\/\/www.antiquejewellerycompany.com\/us\/shop\/french-18ct-gold-diamond-necklace-by-hermes-paris\/#primaryimage"},"image":{"@id":"https:\/\/www.antiquejewellerycompany.com\/us\/shop\/french-18ct-gold-diamond-necklace-by-hermes-paris\/#primaryimage"},"thumbnailUrl":"https:\/\/static.antiquejewellerycompany.com\/2021\/04\/f8beb0fd-dsc07010-scaled.jpg","datePublished":"2021-04-23T16:02:40+00:00","dateModified":"2024-09-26T21:19:41+00:00","breadcrumb":{"@id":"https:\/\/www.antiquejewellerycompany.com\/us\/shop\/french-18ct-gold-diamond-necklace-by-hermes-paris\/#breadcrumb"},"inLanguage":"en-US","potentialAction":[{"@type":"ReadAction","target":["https:\/\/www.antiquejewellerycompany.com\/us\/shop\/french-18ct-gold-diamond-necklace-by-hermes-paris\/"]}]},{"@type":"ImageObject","inLanguage":"en-US","@id":"https:\/\/www.antiquejewellerycompany.com\/us\/shop\/french-18ct-gold-diamond-necklace-by-hermes-paris\/#primaryimage","url":"https:\/\/static.antiquejewellerycompany.com\/2021\/04\/f8beb0fd-dsc07010-scaled.jpg","contentUrl":"https:\/\/static.antiquejewellerycompany.com\/2021\/04\/f8beb0fd-dsc07010-scaled.jpg"},{"@type":"BreadcrumbList","@id":"https:\/\/www.antiquejewellerycompany.com\/us\/shop\/french-18ct-gold-diamond-necklace-by-hermes-paris\/#breadcrumb","itemListElement":[{"@type":"ListItem","position":1,"name":"Home","item":"https:\/\/www.antiquejewellerycompany.com\/us\/"},{"@type":"ListItem","position":2,"name":"Vintage Jewelry","item":"https:\/\/www.antiquejewellerycompany.com\/us\/vintage-jewelry\/"},{"@type":"ListItem","position":3,"name":"French 18ct Gold &#038; Diamond Necklace by Herm\u00e8s, Paris"}]},{"@type":"WebSite","@id":"https:\/\/www.antiquejewellerycompany.com\/us\/#website","url":"https:\/\/www.antiquejewellerycompany.com\/us\/","name":"The Antique Jewellery Company","description":"Specialists in Vintage Jewelry, Antique Jewelry and Estate Jewelry","publisher":{"@id":"https:\/\/www.antiquejewellerycompany.com\/us\/#organization"},"alternateName":"AJC","potentialAction":[{"@type":"SearchAction","target":{"@type":"EntryPoint","urlTemplate":"https:\/\/www.antiquejewellerycompany.com\/us\/?s={search_term_string}"},"query-input":{"@type":"PropertyValueSpecification","valueRequired":true,"valueName":"search_term_string"}}],"inLanguage":"en-US"},{"@type":"Organization","@id":"https:\/\/www.antiquejewellerycompany.com\/us\/#organization","name":"The Antique Jewellery Company","alternateName":"AJC","url":"https:\/\/www.antiquejewellerycompany.com\/us\/","logo":{"@type":"ImageObject","inLanguage":"en-US","@id":"https:\/\/www.antiquejewellerycompany.com\/us\/#\/schema\/logo\/image\/","url":"https:\/\/static.antiquejewellerycompany.com\/sites\/4\/\/sites\/4\/2022\/07\/ajc-logo.png","contentUrl":"https:\/\/static.antiquejewellerycompany.com\/sites\/4\/\/sites\/4\/2022\/07\/ajc-logo.png","width":2000,"height":1500,"caption":"The Antique Jewellery Company"},"image":{"@id":"https:\/\/www.antiquejewellerycompany.com\/us\/#\/schema\/logo\/image\/"},"sameAs":["https:\/\/www.facebook.com\/antiquejewellerycompany","https:\/\/x.com\/ajc_london","https:\/\/www.instagram.com\/antiquejewellerycompany","https:\/\/www.linkedin.com\/company\/the-antique-jewellery-company\/","https:\/\/www.pinterest.co.uk\/antiquejewels\/","https:\/\/www.youtube.com\/antiquejewellerycompany"]}]},"product_price_amount":"6900.00","product_price_currency":"USD","og_availability":"instock","product_availability":"instock","product_retailer_item_id":"392R","product_condition":"used"},"_links":{"self":[{"href":"https:\/\/www.antiquejewellerycompany.com\/us\/wp-json\/wp\/v2\/product\/491556","targetHints":{"allow":["GET"]}}],"collection":[{"href":"https:\/\/www.antiquejewellerycompany.com\/us\/wp-json\/wp\/v2\/product"}],"about":[{"href":"https:\/\/www.antiquejewellerycompany.com\/us\/wp-json\/wp\/v2\/types\/product"}],"wp:featuredmedia":[{"embeddable":true,"href":"https:\/\/www.antiquejewellerycompany.com\/us\/wp-json\/"}],"wp:attachment":[{"href":"https:\/\/www.antiquejewellerycompany.com\/us\/wp-json\/wp\/v2\/media?parent=491556"}],"wp:term":[{"taxonomy":"product_brand","embeddable":true,"href":"https:\/\/www.antiquejewellerycompany.com\/us\/wp-json\/wp\/v2\/product_brand?post=491556"},{"taxonomy":"product_cat","embeddable":true,"href":"https:\/\/www.antiquejewellerycompany.com\/us\/wp-json\/wp\/v2\/product_cat?post=491556"},{"taxonomy":"product_tag","embeddable":true,"href":"https:\/\/www.antiquejewellerycompany.com\/us\/wp-json\/wp\/v2\/product_tag?post=491556"}],"curies":[{"name":"wp","href":"https:\/\/api.w.org\/{rel}","templated":true}]}}