{"id":498383,"date":"2019-06-24T15:01:09","date_gmt":"2019-06-24T14:01:09","guid":{"rendered":"https:\/\/www.antiquejewellerycompany.com\/au\/shop\/18ct-gold-blue-enamel-heart-shaped-pendant-by-faberge\/"},"modified":"2024-09-27T00:34:15","modified_gmt":"2024-09-26T23:34:15","slug":"18ct-gold-blue-enamel-heart-shaped-pendant-by-faberge","status":"publish","type":"product","link":"https:\/\/www.antiquejewellerycompany.com\/au\/shop\/18ct-gold-blue-enamel-heart-shaped-pendant-by-faberge\/","title":{"rendered":"18ct Gold &#038; Blue Enamel Heart Shaped Pendant by Faberg\u00e9"},"content":{"rendered":"<p>An attractive 18ct gold heart made by the modern firm of Faberge. Faberg\u00e9 Limited acquired the Faberg\u00e9 trademarks, licenses and associated rights relating to the Faberg\u00e9 name from Unilever in 2007. The firm produces very good quality pieces of jewellery. This heart is a good example with double sided Royal blue translucent enamel over an engraved star surface with gold stars and planets and decorative gold edges.<\/p>\n","protected":false},"excerpt":{"rendered":"<p>An attractive 18ct gold heart made by the modern firm of Faberge. Faberg\u00e9 Limited acquired the Faberg\u00e9 trademarks, licenses and associated rights relating to the Faberg\u00e9 name from Unilever in 2007. The firm produces very good quality pieces of jewellery. This heart is a good example with double sided Royal blue translucent enamel over an [&hellip;]<\/p>\n","protected":false},"featured_media":1000000360250,"template":"","meta":{"_acf_changed":false},"product_brand":[],"product_cat":[5308],"product_tag":[],"class_list":{"1":"product","6":"product_cat-uncategorised","7":"type-vintage-charms","8":"type-vintage-pendants","9":"period-modern","10":"ollys-picks-all","11":"material-enamel","12":"material-gold","13":"material-metals","15":"first","16":"instock","17":"shipping-taxable","18":"purchasable","19":"product-type-simple"},"acf":[],"yoast_head":"<title>18ct Gold &amp; Blue Enamel Heart Shaped Pendant by Faberg\u00e9 (146N) | The Antique Jewellery Company<\/title>\n<meta name=\"robots\" content=\"index, follow, max-snippet:-1, max-image-preview:large, max-video-preview:-1\" \/>\n<link rel=\"canonical\" href=\"https:\/\/www.antiquejewellerycompany.com\/au\/shop\/18ct-gold-blue-enamel-heart-shaped-pendant-by-faberge\/\" \/>\n<meta property=\"og:locale\" content=\"en_GB\" \/>\n<meta property=\"og:type\" content=\"article\" \/>\n<meta property=\"og:title\" content=\"18ct Gold &amp; Blue Enamel Heart Shaped Pendant by Faberg\u00e9\" \/>\n<meta property=\"og:description\" content=\"An attractive 18ct gold heart made by the modern firm of Faberge. Faberg\u00e9 Limited acquired the Faberg\u00e9 trademarks, licenses and associated rights relating to the Faberg\u00e9 name from Unilever in 2007. The firm produces very good quality pieces of jewellery. This heart is a good example with double sided Royal blue translucent enamel over an [&hellip;]\" \/>\n<meta property=\"og:url\" content=\"https:\/\/www.antiquejewellerycompany.com\/au\/shop\/18ct-gold-blue-enamel-heart-shaped-pendant-by-faberge\/\" \/>\n<meta property=\"og:site_name\" content=\"AJC - AUS\" \/>\n<meta property=\"article:publisher\" content=\"https:\/\/www.facebook.com\/antiquejewellerycompany\" \/>\n<meta property=\"article:modified_time\" content=\"2024-09-26T23:34:15+00:00\" \/>\n<meta name=\"twitter:card\" content=\"summary_large_image\" \/>\n<script type=\"application\/ld+json\" class=\"yoast-schema-graph\">{\"@context\":\"https:\/\/schema.org\",\"@graph\":[{\"@type\":\"WebPage\",\"@id\":\"https:\/\/www.antiquejewellerycompany.com\/au\/shop\/18ct-gold-blue-enamel-heart-shaped-pendant-by-faberge\/\",\"url\":\"https:\/\/www.antiquejewellerycompany.com\/au\/shop\/18ct-gold-blue-enamel-heart-shaped-pendant-by-faberge\/\",\"name\":\"18ct Gold & Blue Enamel Heart Shaped Pendant by Faberg\u00e9 (146N) | The Antique Jewellery Company\",\"isPartOf\":{\"@id\":\"https:\/\/www.antiquejewellerycompany.com\/au\/#website\"},\"primaryImageOfPage\":{\"@id\":\"https:\/\/www.antiquejewellerycompany.com\/au\/shop\/18ct-gold-blue-enamel-heart-shaped-pendant-by-faberge\/#primaryimage\"},\"image\":{\"@id\":\"https:\/\/www.antiquejewellerycompany.com\/au\/shop\/18ct-gold-blue-enamel-heart-shaped-pendant-by-faberge\/#primaryimage\"},\"thumbnailUrl\":\"https:\/\/static.antiquejewellerycompany.com\/2019\/06\/af746fa9-dsc03611.jpg\",\"datePublished\":\"2019-06-24T14:01:09+00:00\",\"dateModified\":\"2024-09-26T23:34:15+00:00\",\"breadcrumb\":{\"@id\":\"https:\/\/www.antiquejewellerycompany.com\/au\/shop\/18ct-gold-blue-enamel-heart-shaped-pendant-by-faberge\/#breadcrumb\"},\"inLanguage\":\"en-GB\",\"potentialAction\":[{\"@type\":\"ReadAction\",\"target\":[\"https:\/\/www.antiquejewellerycompany.com\/au\/shop\/18ct-gold-blue-enamel-heart-shaped-pendant-by-faberge\/\"]}]},{\"@type\":\"ImageObject\",\"inLanguage\":\"en-GB\",\"@id\":\"https:\/\/www.antiquejewellerycompany.com\/au\/shop\/18ct-gold-blue-enamel-heart-shaped-pendant-by-faberge\/#primaryimage\",\"url\":\"https:\/\/static.antiquejewellerycompany.com\/2019\/06\/af746fa9-dsc03611.jpg\",\"contentUrl\":\"https:\/\/static.antiquejewellerycompany.com\/2019\/06\/af746fa9-dsc03611.jpg\"},{\"@type\":\"BreadcrumbList\",\"@id\":\"https:\/\/www.antiquejewellerycompany.com\/au\/shop\/18ct-gold-blue-enamel-heart-shaped-pendant-by-faberge\/#breadcrumb\",\"itemListElement\":[{\"@type\":\"ListItem\",\"position\":1,\"name\":\"Home\",\"item\":\"https:\/\/www.antiquejewellerycompany.com\/au\/\"},{\"@type\":\"ListItem\",\"position\":2,\"name\":\"Vintage Jewellery\",\"item\":\"https:\/\/www.antiquejewellerycompany.com\/au\/vintage-jewellery\/\"},{\"@type\":\"ListItem\",\"position\":3,\"name\":\"18ct Gold &#038; Blue Enamel Heart Shaped Pendant by Faberg\u00e9\"}]},{\"@type\":\"WebSite\",\"@id\":\"https:\/\/www.antiquejewellerycompany.com\/au\/#website\",\"url\":\"https:\/\/www.antiquejewellerycompany.com\/au\/\",\"name\":\"The Antique Jewellery Company\",\"description\":\"Specialists in Vintage Jewellery, Antique Jewellery and Estate Jewellery\",\"alternateName\":\"AJC\",\"potentialAction\":[{\"@type\":\"SearchAction\",\"target\":{\"@type\":\"EntryPoint\",\"urlTemplate\":\"https:\/\/www.antiquejewellerycompany.com\/au\/?s={search_term_string}\"},\"query-input\":{\"@type\":\"PropertyValueSpecification\",\"valueRequired\":true,\"valueName\":\"search_term_string\"}}],\"inLanguage\":\"en-GB\"}]}<\/script>\n<meta property=\"product:price:amount\" content=\"2600\" \/>\n<meta property=\"product:price:currency\" content=\"AUD\" \/>\n<meta property=\"og:availability\" content=\"instock\" \/>\n<meta property=\"product:availability\" content=\"instock\" \/>\n<meta property=\"product:retailer_item_id\" content=\"146N\" \/>\n<meta property=\"product:condition\" content=\"used\" \/>","yoast_head_json":{"title":"18ct Gold & Blue Enamel Heart Shaped Pendant by Faberg\u00e9 (146N) | The Antique Jewellery Company","robots":{"index":"index","follow":"follow","max-snippet":"max-snippet:-1","max-image-preview":"max-image-preview:large","max-video-preview":"max-video-preview:-1"},"canonical":"https:\/\/www.antiquejewellerycompany.com\/au\/shop\/18ct-gold-blue-enamel-heart-shaped-pendant-by-faberge\/","og_locale":"en_GB","og_type":"article","og_title":"18ct Gold & Blue Enamel Heart Shaped Pendant by Faberg\u00e9","og_description":"An attractive 18ct gold heart made by the modern firm of Faberge. Faberg\u00e9 Limited acquired the Faberg\u00e9 trademarks, licenses and associated rights relating to the Faberg\u00e9 name from Unilever in 2007. The firm produces very good quality pieces of jewellery. This heart is a good example with double sided Royal blue translucent enamel over an [&hellip;]","og_url":"https:\/\/www.antiquejewellerycompany.com\/au\/shop\/18ct-gold-blue-enamel-heart-shaped-pendant-by-faberge\/","og_site_name":"AJC - AUS","article_publisher":"https:\/\/www.facebook.com\/antiquejewellerycompany","article_modified_time":"2024-09-26T23:34:15+00:00","twitter_card":"summary_large_image","schema":{"@context":"https:\/\/schema.org","@graph":[{"@type":"WebPage","@id":"https:\/\/www.antiquejewellerycompany.com\/au\/shop\/18ct-gold-blue-enamel-heart-shaped-pendant-by-faberge\/","url":"https:\/\/www.antiquejewellerycompany.com\/au\/shop\/18ct-gold-blue-enamel-heart-shaped-pendant-by-faberge\/","name":"18ct Gold & Blue Enamel Heart Shaped Pendant by Faberg\u00e9 (146N) | The Antique Jewellery Company","isPartOf":{"@id":"https:\/\/www.antiquejewellerycompany.com\/au\/#website"},"primaryImageOfPage":{"@id":"https:\/\/www.antiquejewellerycompany.com\/au\/shop\/18ct-gold-blue-enamel-heart-shaped-pendant-by-faberge\/#primaryimage"},"image":{"@id":"https:\/\/www.antiquejewellerycompany.com\/au\/shop\/18ct-gold-blue-enamel-heart-shaped-pendant-by-faberge\/#primaryimage"},"thumbnailUrl":"https:\/\/static.antiquejewellerycompany.com\/2019\/06\/af746fa9-dsc03611.jpg","datePublished":"2019-06-24T14:01:09+00:00","dateModified":"2024-09-26T23:34:15+00:00","breadcrumb":{"@id":"https:\/\/www.antiquejewellerycompany.com\/au\/shop\/18ct-gold-blue-enamel-heart-shaped-pendant-by-faberge\/#breadcrumb"},"inLanguage":"en-GB","potentialAction":[{"@type":"ReadAction","target":["https:\/\/www.antiquejewellerycompany.com\/au\/shop\/18ct-gold-blue-enamel-heart-shaped-pendant-by-faberge\/"]}]},{"@type":"ImageObject","inLanguage":"en-GB","@id":"https:\/\/www.antiquejewellerycompany.com\/au\/shop\/18ct-gold-blue-enamel-heart-shaped-pendant-by-faberge\/#primaryimage","url":"https:\/\/static.antiquejewellerycompany.com\/2019\/06\/af746fa9-dsc03611.jpg","contentUrl":"https:\/\/static.antiquejewellerycompany.com\/2019\/06\/af746fa9-dsc03611.jpg"},{"@type":"BreadcrumbList","@id":"https:\/\/www.antiquejewellerycompany.com\/au\/shop\/18ct-gold-blue-enamel-heart-shaped-pendant-by-faberge\/#breadcrumb","itemListElement":[{"@type":"ListItem","position":1,"name":"Home","item":"https:\/\/www.antiquejewellerycompany.com\/au\/"},{"@type":"ListItem","position":2,"name":"Vintage Jewellery","item":"https:\/\/www.antiquejewellerycompany.com\/au\/vintage-jewellery\/"},{"@type":"ListItem","position":3,"name":"18ct Gold &#038; Blue Enamel Heart Shaped Pendant by Faberg\u00e9"}]},{"@type":"WebSite","@id":"https:\/\/www.antiquejewellerycompany.com\/au\/#website","url":"https:\/\/www.antiquejewellerycompany.com\/au\/","name":"The Antique Jewellery Company","description":"Specialists in Vintage Jewellery, Antique Jewellery and Estate Jewellery","alternateName":"AJC","potentialAction":[{"@type":"SearchAction","target":{"@type":"EntryPoint","urlTemplate":"https:\/\/www.antiquejewellerycompany.com\/au\/?s={search_term_string}"},"query-input":{"@type":"PropertyValueSpecification","valueRequired":true,"valueName":"search_term_string"}}],"inLanguage":"en-GB"}]},"product_price_amount":"2600","product_price_currency":"AUD","og_availability":"instock","product_availability":"instock","product_retailer_item_id":"146N","product_condition":"used"},"_links":{"self":[{"href":"https:\/\/www.antiquejewellerycompany.com\/au\/wp-json\/wp\/v2\/product\/498383","targetHints":{"allow":["GET"]}}],"collection":[{"href":"https:\/\/www.antiquejewellerycompany.com\/au\/wp-json\/wp\/v2\/product"}],"about":[{"href":"https:\/\/www.antiquejewellerycompany.com\/au\/wp-json\/wp\/v2\/types\/product"}],"wp:featuredmedia":[{"embeddable":true,"href":"https:\/\/www.antiquejewellerycompany.com\/au\/wp-json\/"}],"wp:attachment":[{"href":"https:\/\/www.antiquejewellerycompany.com\/au\/wp-json\/wp\/v2\/media?parent=498383"}],"wp:term":[{"taxonomy":"product_brand","embeddable":true,"href":"https:\/\/www.antiquejewellerycompany.com\/au\/wp-json\/wp\/v2\/product_brand?post=498383"},{"taxonomy":"product_cat","embeddable":true,"href":"https:\/\/www.antiquejewellerycompany.com\/au\/wp-json\/wp\/v2\/product_cat?post=498383"},{"taxonomy":"product_tag","embeddable":true,"href":"https:\/\/www.antiquejewellerycompany.com\/au\/wp-json\/wp\/v2\/product_tag?post=498383"}],"curies":[{"name":"wp","href":"https:\/\/api.w.org\/{rel}","templated":true}]}}