{"id":496388,"date":"2021-01-30T13:15:02","date_gmt":"2021-01-30T13:15:02","guid":{"rendered":"https:\/\/www.antiquejewellerycompany.com\/au\/shop\/art-nouveau-plique-a-jour-silver-long-guard-chain\/"},"modified":"2024-09-26T22:41:37","modified_gmt":"2024-09-26T21:41:37","slug":"art-nouveau-plique-a-jour-silver-long-guard-chain","status":"publish","type":"product","link":"https:\/\/www.antiquejewellerycompany.com\/au\/shop\/art-nouveau-plique-a-jour-silver-long-guard-chain\/","title":{"rendered":"Art Nouveau Plique-\u00e0-Jour &#038; Silver Long Guard Chain"},"content":{"rendered":"<p>A good plique-\u00e0-jour silver chain that was made circa 1900-1910. It has six evenly spaced Plique-\u00e0-jour panels. Plique-\u00e0-jour literally means in French &#8220;letting in daylight&#8221;. It is a vitreous enamelling technique where the enamel is applied in cells, similar to cloisonn\u00e9, but with no backing in the final product, so light can shine through the transparent or translucent enamel. It is in effect a miniature version of stained-glass and is considered very challenging technically. The technique is similar to that of cloisonn\u00e9, but using a temporary backing that after firing is dissolved by acid or rubbed away. In the Art Nouveau period this technique was very popular and pieces in good condition such as this chain are hard to find.<\/p>\n","protected":false},"excerpt":{"rendered":"<p>A good plique-\u00e0-jour silver chain that was made circa 1900-1910. It has six evenly spaced Plique-\u00e0-jour panels. Plique-\u00e0-jour literally means in French &#8220;letting in daylight&#8221;. It is a vitreous enamelling technique where the enamel is applied in cells, similar to cloisonn\u00e9, but with no backing in the final product, so light can shine through the [&hellip;]<\/p>\n","protected":false},"featured_media":100000039046,"template":"","meta":{"_acf_changed":false},"product_brand":[],"product_cat":[5308],"product_tag":[],"class_list":{"1":"product","6":"product_cat-uncategorised","7":"type-vintage-chains","8":"period-art-nouveau","9":"ollys-picks-all","10":"material-enamel","11":"material-metals","12":"material-other","13":"material-silver","15":"first","16":"instock","17":"shipping-taxable","18":"purchasable","19":"product-type-simple"},"acf":[],"yoast_head":"<title>Art Nouveau Plique-\u00e0-Jour &amp; Silver Long Guard Chain (397F) | The Antique Jewellery Company<\/title>\n<meta name=\"robots\" content=\"index, follow, max-snippet:-1, max-image-preview:large, max-video-preview:-1\" \/>\n<link rel=\"canonical\" href=\"https:\/\/www.antiquejewellerycompany.com\/au\/shop\/art-nouveau-plique-a-jour-silver-long-guard-chain\/\" \/>\n<meta property=\"og:locale\" content=\"en_GB\" \/>\n<meta property=\"og:type\" content=\"article\" \/>\n<meta property=\"og:title\" content=\"Art Nouveau Plique-\u00e0-Jour &amp; Silver Long Guard Chain\" \/>\n<meta property=\"og:description\" content=\"A good plique-\u00e0-jour silver chain that was made circa 1900-1910. It has six evenly spaced Plique-\u00e0-jour panels. Plique-\u00e0-jour literally means in French &#8220;letting in daylight&#8221;. It is a vitreous enamelling technique where the enamel is applied in cells, similar to cloisonn\u00e9, but with no backing in the final product, so light can shine through the [&hellip;]\" \/>\n<meta property=\"og:url\" content=\"https:\/\/www.antiquejewellerycompany.com\/au\/shop\/art-nouveau-plique-a-jour-silver-long-guard-chain\/\" \/>\n<meta property=\"og:site_name\" content=\"AJC - AUS\" \/>\n<meta property=\"article:publisher\" content=\"https:\/\/www.facebook.com\/antiquejewellerycompany\" \/>\n<meta property=\"article:modified_time\" content=\"2024-09-26T21:41:37+00:00\" \/>\n<meta name=\"twitter:card\" content=\"summary_large_image\" \/>\n<script type=\"application\/ld+json\" class=\"yoast-schema-graph\">{\"@context\":\"https:\/\/schema.org\",\"@graph\":[{\"@type\":\"WebPage\",\"@id\":\"https:\/\/www.antiquejewellerycompany.com\/au\/shop\/art-nouveau-plique-a-jour-silver-long-guard-chain\/\",\"url\":\"https:\/\/www.antiquejewellerycompany.com\/au\/shop\/art-nouveau-plique-a-jour-silver-long-guard-chain\/\",\"name\":\"Art Nouveau Plique-\u00e0-Jour & Silver Long Guard Chain (397F) | The Antique Jewellery Company\",\"isPartOf\":{\"@id\":\"https:\/\/www.antiquejewellerycompany.com\/au\/#website\"},\"primaryImageOfPage\":{\"@id\":\"https:\/\/www.antiquejewellerycompany.com\/au\/shop\/art-nouveau-plique-a-jour-silver-long-guard-chain\/#primaryimage\"},\"image\":{\"@id\":\"https:\/\/www.antiquejewellerycompany.com\/au\/shop\/art-nouveau-plique-a-jour-silver-long-guard-chain\/#primaryimage\"},\"thumbnailUrl\":\"https:\/\/static.antiquejewellerycompany.com\/2016\/11\/DSC09035.jpg\",\"datePublished\":\"2021-01-30T13:15:02+00:00\",\"dateModified\":\"2024-09-26T21:41:37+00:00\",\"breadcrumb\":{\"@id\":\"https:\/\/www.antiquejewellerycompany.com\/au\/shop\/art-nouveau-plique-a-jour-silver-long-guard-chain\/#breadcrumb\"},\"inLanguage\":\"en-GB\",\"potentialAction\":[{\"@type\":\"ReadAction\",\"target\":[\"https:\/\/www.antiquejewellerycompany.com\/au\/shop\/art-nouveau-plique-a-jour-silver-long-guard-chain\/\"]}]},{\"@type\":\"ImageObject\",\"inLanguage\":\"en-GB\",\"@id\":\"https:\/\/www.antiquejewellerycompany.com\/au\/shop\/art-nouveau-plique-a-jour-silver-long-guard-chain\/#primaryimage\",\"url\":\"https:\/\/static.antiquejewellerycompany.com\/2016\/11\/DSC09035.jpg\",\"contentUrl\":\"https:\/\/static.antiquejewellerycompany.com\/2016\/11\/DSC09035.jpg\"},{\"@type\":\"BreadcrumbList\",\"@id\":\"https:\/\/www.antiquejewellerycompany.com\/au\/shop\/art-nouveau-plique-a-jour-silver-long-guard-chain\/#breadcrumb\",\"itemListElement\":[{\"@type\":\"ListItem\",\"position\":1,\"name\":\"Home\",\"item\":\"https:\/\/www.antiquejewellerycompany.com\/au\/\"},{\"@type\":\"ListItem\",\"position\":2,\"name\":\"Vintage Jewellery\",\"item\":\"https:\/\/www.antiquejewellerycompany.com\/au\/vintage-jewellery\/\"},{\"@type\":\"ListItem\",\"position\":3,\"name\":\"Art Nouveau Plique-\u00e0-Jour &#038; Silver Long Guard Chain\"}]},{\"@type\":\"WebSite\",\"@id\":\"https:\/\/www.antiquejewellerycompany.com\/au\/#website\",\"url\":\"https:\/\/www.antiquejewellerycompany.com\/au\/\",\"name\":\"The Antique Jewellery Company\",\"description\":\"Specialists in Vintage Jewellery, Antique Jewellery and Estate Jewellery\",\"alternateName\":\"AJC\",\"potentialAction\":[{\"@type\":\"SearchAction\",\"target\":{\"@type\":\"EntryPoint\",\"urlTemplate\":\"https:\/\/www.antiquejewellerycompany.com\/au\/?s={search_term_string}\"},\"query-input\":{\"@type\":\"PropertyValueSpecification\",\"valueRequired\":true,\"valueName\":\"search_term_string\"}}],\"inLanguage\":\"en-GB\"}]}<\/script>\n<meta property=\"product:price:amount\" content=\"3800\" \/>\n<meta property=\"product:price:currency\" content=\"AUD\" \/>\n<meta property=\"og:availability\" content=\"instock\" \/>\n<meta property=\"product:availability\" content=\"instock\" \/>\n<meta property=\"product:retailer_item_id\" content=\"397F\" \/>\n<meta property=\"product:condition\" content=\"used\" \/>","yoast_head_json":{"title":"Art Nouveau Plique-\u00e0-Jour & Silver Long Guard Chain (397F) | The Antique Jewellery Company","robots":{"index":"index","follow":"follow","max-snippet":"max-snippet:-1","max-image-preview":"max-image-preview:large","max-video-preview":"max-video-preview:-1"},"canonical":"https:\/\/www.antiquejewellerycompany.com\/au\/shop\/art-nouveau-plique-a-jour-silver-long-guard-chain\/","og_locale":"en_GB","og_type":"article","og_title":"Art Nouveau Plique-\u00e0-Jour & Silver Long Guard Chain","og_description":"A good plique-\u00e0-jour silver chain that was made circa 1900-1910. It has six evenly spaced Plique-\u00e0-jour panels. Plique-\u00e0-jour literally means in French &#8220;letting in daylight&#8221;. It is a vitreous enamelling technique where the enamel is applied in cells, similar to cloisonn\u00e9, but with no backing in the final product, so light can shine through the [&hellip;]","og_url":"https:\/\/www.antiquejewellerycompany.com\/au\/shop\/art-nouveau-plique-a-jour-silver-long-guard-chain\/","og_site_name":"AJC - AUS","article_publisher":"https:\/\/www.facebook.com\/antiquejewellerycompany","article_modified_time":"2024-09-26T21:41:37+00:00","twitter_card":"summary_large_image","schema":{"@context":"https:\/\/schema.org","@graph":[{"@type":"WebPage","@id":"https:\/\/www.antiquejewellerycompany.com\/au\/shop\/art-nouveau-plique-a-jour-silver-long-guard-chain\/","url":"https:\/\/www.antiquejewellerycompany.com\/au\/shop\/art-nouveau-plique-a-jour-silver-long-guard-chain\/","name":"Art Nouveau Plique-\u00e0-Jour & Silver Long Guard Chain (397F) | The Antique Jewellery Company","isPartOf":{"@id":"https:\/\/www.antiquejewellerycompany.com\/au\/#website"},"primaryImageOfPage":{"@id":"https:\/\/www.antiquejewellerycompany.com\/au\/shop\/art-nouveau-plique-a-jour-silver-long-guard-chain\/#primaryimage"},"image":{"@id":"https:\/\/www.antiquejewellerycompany.com\/au\/shop\/art-nouveau-plique-a-jour-silver-long-guard-chain\/#primaryimage"},"thumbnailUrl":"https:\/\/static.antiquejewellerycompany.com\/2016\/11\/DSC09035.jpg","datePublished":"2021-01-30T13:15:02+00:00","dateModified":"2024-09-26T21:41:37+00:00","breadcrumb":{"@id":"https:\/\/www.antiquejewellerycompany.com\/au\/shop\/art-nouveau-plique-a-jour-silver-long-guard-chain\/#breadcrumb"},"inLanguage":"en-GB","potentialAction":[{"@type":"ReadAction","target":["https:\/\/www.antiquejewellerycompany.com\/au\/shop\/art-nouveau-plique-a-jour-silver-long-guard-chain\/"]}]},{"@type":"ImageObject","inLanguage":"en-GB","@id":"https:\/\/www.antiquejewellerycompany.com\/au\/shop\/art-nouveau-plique-a-jour-silver-long-guard-chain\/#primaryimage","url":"https:\/\/static.antiquejewellerycompany.com\/2016\/11\/DSC09035.jpg","contentUrl":"https:\/\/static.antiquejewellerycompany.com\/2016\/11\/DSC09035.jpg"},{"@type":"BreadcrumbList","@id":"https:\/\/www.antiquejewellerycompany.com\/au\/shop\/art-nouveau-plique-a-jour-silver-long-guard-chain\/#breadcrumb","itemListElement":[{"@type":"ListItem","position":1,"name":"Home","item":"https:\/\/www.antiquejewellerycompany.com\/au\/"},{"@type":"ListItem","position":2,"name":"Vintage Jewellery","item":"https:\/\/www.antiquejewellerycompany.com\/au\/vintage-jewellery\/"},{"@type":"ListItem","position":3,"name":"Art Nouveau Plique-\u00e0-Jour &#038; Silver Long Guard Chain"}]},{"@type":"WebSite","@id":"https:\/\/www.antiquejewellerycompany.com\/au\/#website","url":"https:\/\/www.antiquejewellerycompany.com\/au\/","name":"The Antique Jewellery Company","description":"Specialists in Vintage Jewellery, Antique Jewellery and Estate Jewellery","alternateName":"AJC","potentialAction":[{"@type":"SearchAction","target":{"@type":"EntryPoint","urlTemplate":"https:\/\/www.antiquejewellerycompany.com\/au\/?s={search_term_string}"},"query-input":{"@type":"PropertyValueSpecification","valueRequired":true,"valueName":"search_term_string"}}],"inLanguage":"en-GB"}]},"product_price_amount":"3800","product_price_currency":"AUD","og_availability":"instock","product_availability":"instock","product_retailer_item_id":"397F","product_condition":"used"},"_links":{"self":[{"href":"https:\/\/www.antiquejewellerycompany.com\/au\/wp-json\/wp\/v2\/product\/496388","targetHints":{"allow":["GET"]}}],"collection":[{"href":"https:\/\/www.antiquejewellerycompany.com\/au\/wp-json\/wp\/v2\/product"}],"about":[{"href":"https:\/\/www.antiquejewellerycompany.com\/au\/wp-json\/wp\/v2\/types\/product"}],"wp:featuredmedia":[{"embeddable":true,"href":"https:\/\/www.antiquejewellerycompany.com\/au\/wp-json\/"}],"wp:attachment":[{"href":"https:\/\/www.antiquejewellerycompany.com\/au\/wp-json\/wp\/v2\/media?parent=496388"}],"wp:term":[{"taxonomy":"product_brand","embeddable":true,"href":"https:\/\/www.antiquejewellerycompany.com\/au\/wp-json\/wp\/v2\/product_brand?post=496388"},{"taxonomy":"product_cat","embeddable":true,"href":"https:\/\/www.antiquejewellerycompany.com\/au\/wp-json\/wp\/v2\/product_cat?post=496388"},{"taxonomy":"product_tag","embeddable":true,"href":"https:\/\/www.antiquejewellerycompany.com\/au\/wp-json\/wp\/v2\/product_tag?post=496388"}],"curies":[{"name":"wp","href":"https:\/\/api.w.org\/{rel}","templated":true}]}}