{"id":491663,"date":"2016-04-07T14:49:18","date_gmt":"2016-04-07T13:49:18","guid":{"rendered":"https:\/\/www.antiquejewellerycompany.com\/au\/shop\/18ct-gold-coral-onyx-bird-brooch-by-boucheron\/"},"modified":"2024-11-14T13:31:55","modified_gmt":"2024-11-14T13:31:55","slug":"18ct-gold-coral-onyx-bird-brooch-by-boucheron","status":"publish","type":"product","link":"https:\/\/www.antiquejewellerycompany.com\/au\/shop\/18ct-gold-coral-onyx-bird-brooch-by-boucheron\/","title":{"rendered":"18ct Gold Coral &#038; Onyx Bird Brooch by Boucheron"},"content":{"rendered":"<p>A beautiful model of a bird with long tail feathers, a ruby eye and an onyx underbelly. He is perched on a coral branch. It is signed Boucheron Paris. The House of Boucheron is a French family dynasty founded by Frederic Boucheron in 1858. In 1893, Fr\u00e9d\u00e9ric Boucheron became the first jeweller to move to Place Vend\u00f4me in Paris where Boucheron remains to this day. The jewellery is top quality and well designed.<\/p>\n","protected":false},"excerpt":{"rendered":"<p>A beautiful model of a bird with long tail feathers, a ruby eye and an onyx underbelly. He is perched on a coral branch. It is signed Boucheron Paris. The House of Boucheron is a French family dynasty founded by Frederic Boucheron in 1858. In 1893, Fr\u00e9d\u00e9ric Boucheron became the first jeweller to move to [&hellip;]<\/p>\n","protected":false},"featured_media":100000032623,"template":"","meta":{"_acf_changed":false},"product_brand":[],"product_cat":[5308],"product_tag":[],"class_list":{"1":"product","6":"product_cat-uncategorised","7":"type-vintage-brooches","8":"period-modern","9":"material-coral","10":"material-gold","11":"material-metals","12":"material-onyx","13":"material-other","14":"material-precious-stones","15":"material-ruby","16":"material-semi-precious-stones","17":"collection-be-my-valentine","18":"collection-mothers-day","20":"first","21":"instock","22":"shipping-taxable","23":"purchasable","24":"product-type-simple"},"acf":[],"yoast_head":"<title>18ct Gold Coral &amp; Onyx Bird Brooch by Boucheron (697B) | The Antique Jewellery Company<\/title>\n<meta name=\"robots\" content=\"index, follow, max-snippet:-1, max-image-preview:large, max-video-preview:-1\" \/>\n<link rel=\"canonical\" href=\"https:\/\/www.antiquejewellerycompany.com\/au\/shop\/18ct-gold-coral-onyx-bird-brooch-by-boucheron\/\" \/>\n<meta property=\"og:locale\" content=\"en_GB\" \/>\n<meta property=\"og:type\" content=\"article\" \/>\n<meta property=\"og:title\" content=\"18ct Gold Coral &amp; Onyx Bird Brooch by Boucheron\" \/>\n<meta property=\"og:description\" content=\"A beautiful model of a bird with long tail feathers, a ruby eye and an onyx underbelly. He is perched on a coral branch. It is signed Boucheron Paris. The House of Boucheron is a French family dynasty founded by Frederic Boucheron in 1858. In 1893, Fr\u00e9d\u00e9ric Boucheron became the first jeweller to move to [&hellip;]\" \/>\n<meta property=\"og:url\" content=\"https:\/\/www.antiquejewellerycompany.com\/au\/shop\/18ct-gold-coral-onyx-bird-brooch-by-boucheron\/\" \/>\n<meta property=\"og:site_name\" content=\"AJC - AUS\" \/>\n<meta property=\"article:publisher\" content=\"https:\/\/www.facebook.com\/antiquejewellerycompany\" \/>\n<meta property=\"article:modified_time\" content=\"2024-11-14T13:31:55+00:00\" \/>\n<meta name=\"twitter:card\" content=\"summary_large_image\" \/>\n<script type=\"application\/ld+json\" class=\"yoast-schema-graph\">{\"@context\":\"https:\/\/schema.org\",\"@graph\":[{\"@type\":\"WebPage\",\"@id\":\"https:\/\/www.antiquejewellerycompany.com\/au\/shop\/18ct-gold-coral-onyx-bird-brooch-by-boucheron\/\",\"url\":\"https:\/\/www.antiquejewellerycompany.com\/au\/shop\/18ct-gold-coral-onyx-bird-brooch-by-boucheron\/\",\"name\":\"18ct Gold Coral & Onyx Bird Brooch by Boucheron (697B) | The Antique Jewellery Company\",\"isPartOf\":{\"@id\":\"https:\/\/www.antiquejewellerycompany.com\/au\/#website\"},\"primaryImageOfPage\":{\"@id\":\"https:\/\/www.antiquejewellerycompany.com\/au\/shop\/18ct-gold-coral-onyx-bird-brooch-by-boucheron\/#primaryimage\"},\"image\":{\"@id\":\"https:\/\/www.antiquejewellerycompany.com\/au\/shop\/18ct-gold-coral-onyx-bird-brooch-by-boucheron\/#primaryimage\"},\"thumbnailUrl\":\"https:\/\/static.antiquejewellerycompany.com\/2016\/04\/DSC00429.jpg\",\"datePublished\":\"2016-04-07T13:49:18+00:00\",\"dateModified\":\"2024-11-14T13:31:55+00:00\",\"breadcrumb\":{\"@id\":\"https:\/\/www.antiquejewellerycompany.com\/au\/shop\/18ct-gold-coral-onyx-bird-brooch-by-boucheron\/#breadcrumb\"},\"inLanguage\":\"en-GB\",\"potentialAction\":[{\"@type\":\"ReadAction\",\"target\":[\"https:\/\/www.antiquejewellerycompany.com\/au\/shop\/18ct-gold-coral-onyx-bird-brooch-by-boucheron\/\"]}]},{\"@type\":\"ImageObject\",\"inLanguage\":\"en-GB\",\"@id\":\"https:\/\/www.antiquejewellerycompany.com\/au\/shop\/18ct-gold-coral-onyx-bird-brooch-by-boucheron\/#primaryimage\",\"url\":\"https:\/\/static.antiquejewellerycompany.com\/2016\/04\/DSC00429.jpg\",\"contentUrl\":\"https:\/\/static.antiquejewellerycompany.com\/2016\/04\/DSC00429.jpg\"},{\"@type\":\"BreadcrumbList\",\"@id\":\"https:\/\/www.antiquejewellerycompany.com\/au\/shop\/18ct-gold-coral-onyx-bird-brooch-by-boucheron\/#breadcrumb\",\"itemListElement\":[{\"@type\":\"ListItem\",\"position\":1,\"name\":\"Home\",\"item\":\"https:\/\/www.antiquejewellerycompany.com\/au\/\"},{\"@type\":\"ListItem\",\"position\":2,\"name\":\"Vintage Jewellery\",\"item\":\"https:\/\/www.antiquejewellerycompany.com\/au\/vintage-jewellery\/\"},{\"@type\":\"ListItem\",\"position\":3,\"name\":\"18ct Gold Coral &#038; Onyx Bird Brooch by Boucheron\"}]},{\"@type\":\"WebSite\",\"@id\":\"https:\/\/www.antiquejewellerycompany.com\/au\/#website\",\"url\":\"https:\/\/www.antiquejewellerycompany.com\/au\/\",\"name\":\"The Antique Jewellery Company\",\"description\":\"Specialists in Vintage Jewellery, Antique Jewellery and Estate Jewellery\",\"alternateName\":\"AJC\",\"potentialAction\":[{\"@type\":\"SearchAction\",\"target\":{\"@type\":\"EntryPoint\",\"urlTemplate\":\"https:\/\/www.antiquejewellerycompany.com\/au\/?s={search_term_string}\"},\"query-input\":{\"@type\":\"PropertyValueSpecification\",\"valueRequired\":true,\"valueName\":\"search_term_string\"}}],\"inLanguage\":\"en-GB\"}]}<\/script>\n<meta property=\"product:price:amount\" content=\"7050\" \/>\n<meta property=\"product:price:currency\" content=\"AUD\" \/>\n<meta property=\"og:availability\" content=\"instock\" \/>\n<meta property=\"product:availability\" content=\"instock\" \/>\n<meta property=\"product:retailer_item_id\" content=\"697B\" \/>\n<meta property=\"product:condition\" content=\"used\" \/>","yoast_head_json":{"title":"18ct Gold Coral & Onyx Bird Brooch by Boucheron (697B) | The Antique Jewellery Company","robots":{"index":"index","follow":"follow","max-snippet":"max-snippet:-1","max-image-preview":"max-image-preview:large","max-video-preview":"max-video-preview:-1"},"canonical":"https:\/\/www.antiquejewellerycompany.com\/au\/shop\/18ct-gold-coral-onyx-bird-brooch-by-boucheron\/","og_locale":"en_GB","og_type":"article","og_title":"18ct Gold Coral & Onyx Bird Brooch by Boucheron","og_description":"A beautiful model of a bird with long tail feathers, a ruby eye and an onyx underbelly. He is perched on a coral branch. It is signed Boucheron Paris. The House of Boucheron is a French family dynasty founded by Frederic Boucheron in 1858. In 1893, Fr\u00e9d\u00e9ric Boucheron became the first jeweller to move to [&hellip;]","og_url":"https:\/\/www.antiquejewellerycompany.com\/au\/shop\/18ct-gold-coral-onyx-bird-brooch-by-boucheron\/","og_site_name":"AJC - AUS","article_publisher":"https:\/\/www.facebook.com\/antiquejewellerycompany","article_modified_time":"2024-11-14T13:31:55+00:00","twitter_card":"summary_large_image","schema":{"@context":"https:\/\/schema.org","@graph":[{"@type":"WebPage","@id":"https:\/\/www.antiquejewellerycompany.com\/au\/shop\/18ct-gold-coral-onyx-bird-brooch-by-boucheron\/","url":"https:\/\/www.antiquejewellerycompany.com\/au\/shop\/18ct-gold-coral-onyx-bird-brooch-by-boucheron\/","name":"18ct Gold Coral & Onyx Bird Brooch by Boucheron (697B) | The Antique Jewellery Company","isPartOf":{"@id":"https:\/\/www.antiquejewellerycompany.com\/au\/#website"},"primaryImageOfPage":{"@id":"https:\/\/www.antiquejewellerycompany.com\/au\/shop\/18ct-gold-coral-onyx-bird-brooch-by-boucheron\/#primaryimage"},"image":{"@id":"https:\/\/www.antiquejewellerycompany.com\/au\/shop\/18ct-gold-coral-onyx-bird-brooch-by-boucheron\/#primaryimage"},"thumbnailUrl":"https:\/\/static.antiquejewellerycompany.com\/2016\/04\/DSC00429.jpg","datePublished":"2016-04-07T13:49:18+00:00","dateModified":"2024-11-14T13:31:55+00:00","breadcrumb":{"@id":"https:\/\/www.antiquejewellerycompany.com\/au\/shop\/18ct-gold-coral-onyx-bird-brooch-by-boucheron\/#breadcrumb"},"inLanguage":"en-GB","potentialAction":[{"@type":"ReadAction","target":["https:\/\/www.antiquejewellerycompany.com\/au\/shop\/18ct-gold-coral-onyx-bird-brooch-by-boucheron\/"]}]},{"@type":"ImageObject","inLanguage":"en-GB","@id":"https:\/\/www.antiquejewellerycompany.com\/au\/shop\/18ct-gold-coral-onyx-bird-brooch-by-boucheron\/#primaryimage","url":"https:\/\/static.antiquejewellerycompany.com\/2016\/04\/DSC00429.jpg","contentUrl":"https:\/\/static.antiquejewellerycompany.com\/2016\/04\/DSC00429.jpg"},{"@type":"BreadcrumbList","@id":"https:\/\/www.antiquejewellerycompany.com\/au\/shop\/18ct-gold-coral-onyx-bird-brooch-by-boucheron\/#breadcrumb","itemListElement":[{"@type":"ListItem","position":1,"name":"Home","item":"https:\/\/www.antiquejewellerycompany.com\/au\/"},{"@type":"ListItem","position":2,"name":"Vintage Jewellery","item":"https:\/\/www.antiquejewellerycompany.com\/au\/vintage-jewellery\/"},{"@type":"ListItem","position":3,"name":"18ct Gold Coral &#038; Onyx Bird Brooch by Boucheron"}]},{"@type":"WebSite","@id":"https:\/\/www.antiquejewellerycompany.com\/au\/#website","url":"https:\/\/www.antiquejewellerycompany.com\/au\/","name":"The Antique Jewellery Company","description":"Specialists in Vintage Jewellery, Antique Jewellery and Estate Jewellery","alternateName":"AJC","potentialAction":[{"@type":"SearchAction","target":{"@type":"EntryPoint","urlTemplate":"https:\/\/www.antiquejewellerycompany.com\/au\/?s={search_term_string}"},"query-input":{"@type":"PropertyValueSpecification","valueRequired":true,"valueName":"search_term_string"}}],"inLanguage":"en-GB"}]},"product_price_amount":"7050","product_price_currency":"AUD","og_availability":"instock","product_availability":"instock","product_retailer_item_id":"697B","product_condition":"used"},"_links":{"self":[{"href":"https:\/\/www.antiquejewellerycompany.com\/au\/wp-json\/wp\/v2\/product\/491663","targetHints":{"allow":["GET"]}}],"collection":[{"href":"https:\/\/www.antiquejewellerycompany.com\/au\/wp-json\/wp\/v2\/product"}],"about":[{"href":"https:\/\/www.antiquejewellerycompany.com\/au\/wp-json\/wp\/v2\/types\/product"}],"wp:featuredmedia":[{"embeddable":true,"href":"https:\/\/www.antiquejewellerycompany.com\/au\/wp-json\/"}],"wp:attachment":[{"href":"https:\/\/www.antiquejewellerycompany.com\/au\/wp-json\/wp\/v2\/media?parent=491663"}],"wp:term":[{"taxonomy":"product_brand","embeddable":true,"href":"https:\/\/www.antiquejewellerycompany.com\/au\/wp-json\/wp\/v2\/product_brand?post=491663"},{"taxonomy":"product_cat","embeddable":true,"href":"https:\/\/www.antiquejewellerycompany.com\/au\/wp-json\/wp\/v2\/product_cat?post=491663"},{"taxonomy":"product_tag","embeddable":true,"href":"https:\/\/www.antiquejewellerycompany.com\/au\/wp-json\/wp\/v2\/product_tag?post=491663"}],"curies":[{"name":"wp","href":"https:\/\/api.w.org\/{rel}","templated":true}]}}